{"id":47544,"date":"2024-02-29T18:55:37","date_gmt":"2024-03-01T02:55:37","guid":{"rendered":"https:\/\/westriveracademy.com\/?page_id=47544"},"modified":"2024-05-10T18:11:06","modified_gmt":"2024-05-11T01:11:06","slug":"tutorial-de-asistente-de-transcripciones","status":"publish","type":"page","link":"https:\/\/westriveracademy.com\/en\/tutorial-de-asistente-de-transcripciones\/","title":{"rendered":"Tutorial de Asistente de Transcripciones"},"content":{"rendered":"<div class=\"wpb-content-wrapper\"><div class=\"vc_row wpb_row vc_row-fluid\"><div class=\"wpb_column vc_column_container vc_col-sm-12\"><div class=\"vc_column-inner\"><div class=\"wpb_wrapper\">\n\t<div class=\"wpb_raw_code wpb_raw_html wpb_content_element\" >\n\t\t<div class=\"wpb_wrapper\">\n\t\t\t<center>\n<iframe src=\"https:\/\/www.dropbox.com\/scl\/fi\/4b8u3tfs4hdwgque5odch\/Tutorial-Asistente-de-Transcripciones.mp4?rlkey=ipcoq29lkj0xogelho0m0vsmm&raw=1\" height=\"720px\" width=\"1358px\" allowfullscreen loading=\"lazy\"><\/iframe>\n<\/center>\n\t\t<\/div>\n\t<\/div>\n<\/div><\/div><\/div><\/div><div class=\"vc_row wpb_row vc_row-fluid\"><div class=\"wpb_column vc_column_container vc_col-sm-6\"><div class=\"vc_column-inner\"><div class=\"wpb_wrapper\">\n\t<div class=\"wpb_text_column wpb_content_element\" >\n\t\t<div class=\"wpb_wrapper\">\n\t\t\t<p style=\"text-align: center;\">Puede tomar un momento en aparecer, ya que es un video largo.<\/p>\n<h5 style=\"text-align: center;\">Si no puedes ver el video anterior, haz click en el enlace siguiente:<\/h5>\n<h5 style=\"text-align: center;\"><a href=\"https:\/\/www.dropbox.com\/scl\/fi\/4b8u3tfs4hdwgque5odch\/Tutorial-Asistente-de-Transcripciones.mp4?e=1\" target=\"_blank\" rel=\"noopener\">https:\/\/www.dropbox.com\/scl\/fi\/4b8u3tfs4hdwgque5odch\/Tutorial-Asistente-de-Transcripciones.mp4?e=1<\/a><\/h5>\n<p style=\"text-align: center;\">\u00a1Gracias!<\/p>\n<p>\u00a0<\/p>\n\n\t\t<\/div>\n\t<\/div>\n<\/div><\/div><\/div><div class=\"wpb_column vc_column_container vc_col-sm-6\"><div class=\"vc_column-inner\"><div class=\"wpb_wrapper\"><h3 style=\"text-align: left\" class=\"vc_custom_heading vc_do_custom_heading\" >Gu\u00edas descargables para armar las transcripciones correctamente<\/h3><div class=\"vc_btn3-container vc_btn3-center vc_do_btn\" ><a class=\"vc_general vc_btn3 vc_btn3-size-md vc_btn3-shape-rounded vc_btn3-style-modern vc_btn3-block vc_btn3-color-peacoc\" href=\"https:\/\/westriveracademy.com\/wp-content\/uploads\/2024\/05\/K-8-Transcripts-Spanish-Final.pdf\" title=\"Descargar\" target=\"_blank\">Gu\u00eda de Preescolar a Octavo Grado<\/a><\/div><div class=\"vc_btn3-container vc_btn3-center vc_do_btn\" ><a class=\"vc_general vc_btn3 vc_btn3-size-md vc_btn3-shape-rounded vc_btn3-style-modern vc_btn3-block vc_btn3-color-peacoc\" href=\"https:\/\/westriveracademy.com\/wp-content\/uploads\/2024\/05\/HIGH-SCHOOL-GRADES-9-12.pdf\" title=\"Descargar\" target=\"_blank\">Gu\u00eda de Noveno a Doceavo Grado<\/a><\/div><\/div><\/div><\/div><\/div>\n<\/div>","protected":false},"excerpt":{"rendered":"Puede tomar un momento en aparecer, ya que es un video largo. Si no puedes ver el video anterior, haz click en el enlace siguiente: https:\/\/www.dropbox.com\/scl\/fi\/4b8u3tfs4hdwgque5odch\/Tutorial-Asistente-de-Transcripciones.mp4?e=1 \u00a1Gracias! \u00a0 Gu\u00edas descargables para armar las transcripciones correctamenteGu\u00eda de Preescolar a Octavo GradoGu\u00eda de Noveno a Doceavo Grado","protected":false},"author":13,"featured_media":0,"parent":0,"menu_order":0,"comment_status":"closed","ping_status":"closed","template":"","meta":{"_acf_changed":false,"footnotes":""},"class_list":["post-47544","page","type-page","status-publish","hentry"],"acf":[],"_links":{"self":[{"href":"https:\/\/westriveracademy.com\/en\/wp-json\/wp\/v2\/pages\/47544","targetHints":{"allow":["GET"]}}],"collection":[{"href":"https:\/\/westriveracademy.com\/en\/wp-json\/wp\/v2\/pages"}],"about":[{"href":"https:\/\/westriveracademy.com\/en\/wp-json\/wp\/v2\/types\/page"}],"author":[{"embeddable":true,"href":"https:\/\/westriveracademy.com\/en\/wp-json\/wp\/v2\/users\/13"}],"replies":[{"embeddable":true,"href":"https:\/\/westriveracademy.com\/en\/wp-json\/wp\/v2\/comments?post=47544"}],"version-history":[{"count":5,"href":"https:\/\/westriveracademy.com\/en\/wp-json\/wp\/v2\/pages\/47544\/revisions"}],"predecessor-version":[{"id":50528,"href":"https:\/\/westriveracademy.com\/en\/wp-json\/wp\/v2\/pages\/47544\/revisions\/50528"}],"wp:attachment":[{"href":"https:\/\/westriveracademy.com\/en\/wp-json\/wp\/v2\/media?parent=47544"}],"curies":[{"name":"wp","href":"https:\/\/api.w.org\/{rel}","templated":true}]}}