{"id":140,"date":"2019-06-20T12:49:48","date_gmt":"2019-06-20T16:49:48","guid":{"rendered":"http:\/\/webproofingsite.com\/westriver\/?page_id=140"},"modified":"2020-04-10T13:29:57","modified_gmt":"2020-04-10T20:29:57","slug":"terms-of-use","status":"publish","type":"page","link":"https:\/\/westriveracademy.com\/es\/terms-of-use\/","title":{"rendered":"Condiciones de uso"},"content":{"rendered":"<div class=\"wpb-content-wrapper\"><div class=\"vc_row wpb_row vc_row-fluid global-pages accreditation sect1\"><div class=\"wpb_column vc_column_container vc_col-sm-12\"><div class=\"vc_column-inner\"><div class=\"wpb_wrapper\">\n\t<div class=\"wpb_text_column wpb_content_element\" >\n\t\t<div class=\"wpb_wrapper\">\n\t\t\t<p>POR FAVOR LEA ESTOS T\u00c9RMINOS DE USO CUIDADOSAMENTE ANTES DE UTILIZAR ESTE SITIO WEB. Al usar este sitio web, usted expresa su consentimiento a estos t\u00e9rminos de uso. Si no est\u00e1 de acuerdo con estos T\u00e9rminos de uso, no use el sitio web.<\/p>\n<p>Su acceso y uso de este sitio web operado por WEST RIVER ACADEMY, www.westriveracademy.com, (colectivamente, el &quot;Sitio&quot;) est\u00e1 sujeto a los siguientes t\u00e9rminos y condiciones (&quot;T\u00e9rminos de uso&quot;) y todas las leyes aplicables. Al acceder y navegar por el Sitio, usted acepta, sin limitaci\u00f3n ni calificaci\u00f3n, los T\u00e9rminos de uso y reconoce que cualquier otro acuerdo entre usted y el Sitio queda anulado y sin fuerza ni efecto:<\/p>\n<ol>\n<li>Usted acepta que el Sitio en s\u00ed, as\u00ed como todo el contenido, videos, materiales de capacitaci\u00f3n, productos, servicios y\/u otros materiales, puestos a disposici\u00f3n en el Sitio por nosotros u otros terceros, as\u00ed como la apariencia de todos los anterior, (denominados colectivamente como el &quot;Contenido&quot;) son mantenidos para su uso personal e informaci\u00f3n por WEST RIVER ACADEMY, (la &quot;Compa\u00f1\u00eda&quot;) y son propiedad de la Compa\u00f1\u00eda y\/o sus proveedores externos. Usted acepta que dicho Contenido de la empresa incluir\u00e1 todos los videos patentados, HTML\/CSS, Javascript, gr\u00e1ficos, grabaciones de voz y sonido, obras de arte, fotos, documentos y texto, as\u00ed como todos los dem\u00e1s materiales incluidos en el Sitio. Sujeto a su cumplimiento de estos T\u00e9rminos de uso, la Compa\u00f1\u00eda le otorga una licencia limitada, que es no exclusiva, intransferible y no sublicenciable, para acceder, ver y usar el Sitio \u00fanicamente para sus fines personales. Ning\u00fan Contenido de la Compa\u00f1\u00eda puede ser copiado, reproducido, republicado, cargado, publicado, transmitido, distribuido, utilizado con fines p\u00fablicos o comerciales, o descargado de ninguna manera, a menos que la Compa\u00f1\u00eda otorgue un permiso expreso por escrito. La modificaci\u00f3n del Contenido o el uso del Contenido para cualquier otro prop\u00f3sito es una violaci\u00f3n de los derechos de autor y otros derechos de propiedad de la Compa\u00f1\u00eda, as\u00ed como de otros autores que crearon los materiales, y puede estar sujeto a da\u00f1os y sanciones monetarias. No puede distribuir, modificar, transmitir o usar el contenido del Sitio o cualquier Contenido, incluidos todos y cada uno de los programas, herramientas, gr\u00e1ficos y\/o archivos de sonido, para fines p\u00fablicos o comerciales sin el permiso expreso por escrito de la Compa\u00f1\u00eda.<\/li>\n<li>Todo el Contenido, como texto, datos, archivos de gr\u00e1ficos, videos y archivos de sonido, y otros materiales contenidos en el Sitio, tienen derechos de autor a menos que se indique lo contrario y son propiedad de la Compa\u00f1\u00eda y\/o de un proveedor de la Compa\u00f1\u00eda. No se pueden utilizar tales materiales, excepto seg\u00fan lo dispuesto en estos T\u00e9rminos de uso.<\/li>\n<li>Todos los nombres comerciales, marcas comerciales, im\u00e1genes e informaci\u00f3n biogr\u00e1fica de personas utilizadas en el Contenido de la Compa\u00f1\u00eda y contenidas en el Sitio, incluidos, entre otros, el nombre y la marca comercial &quot;WEST RIVER ACADEMY&quot;, son propiedad de, o se utilizan con el permiso de, el Compa\u00f1\u00eda. El uso del Contenido por su parte est\u00e1 estrictamente prohibido a menos que estos T\u00e9rminos de uso lo permitan espec\u00edficamente. Cualquier uso no autorizado del Contenido puede violar los derechos de autor, la marca comercial y otros derechos de propiedad de la Compa\u00f1\u00eda y\/o de terceros, as\u00ed como las leyes de privacidad y publicidad, y otras reglamentaciones y estatutos. Nada de lo contenido en este Acuerdo o en el Sitio se interpretar\u00e1 como la concesi\u00f3n, por implicaci\u00f3n o de otro modo, de una licencia o derecho de uso de cualquier Marca comercial u otra informaci\u00f3n de propiedad sin el consentimiento expreso por escrito de la Compa\u00f1\u00eda o de un tercero propietario. La Compa\u00f1\u00eda respeta los derechos de autor, la marca registrada y todos los dem\u00e1s derechos de propiedad intelectual de otros. La Compa\u00f1\u00eda tiene el derecho, pero no la obligaci\u00f3n, de eliminar el contenido y las cuentas que contengan materiales que considere, a su exclusivo criterio, ilegales, ofensivos, amenazantes, calumniosos, difamatorios, pornogr\u00e1ficos, obscenos o de otra manera objetables o que violen la propiedad intelectual de cualquiera de las partes. propiedad o estos T\u00e9rminos de uso. Si cree que se est\u00e1n violando sus derechos de propiedad intelectual y\/o que cualquier trabajo que le pertenezca ha sido reproducido en el Sitio o en cualquier Contenido de alguna manera, puede notificar a la Compa\u00f1\u00eda a contact@westriveracademy.com. Proporcione su nombre e informaci\u00f3n de contacto, la naturaleza de su trabajo y c\u00f3mo se est\u00e1 violando, toda la informaci\u00f3n relevante de registro de marca comercial y\/o derechos de autor, la ubicaci\u00f3n\/URL de la violaci\u00f3n y cualquier otra informaci\u00f3n que considere relevante.<\/li>\n<li>Si bien la Compa\u00f1\u00eda hace esfuerzos razonables para incluir informaci\u00f3n precisa y actualizada en el Sitio, la Compa\u00f1\u00eda no ofrece garant\u00edas ni representaciones en cuanto a su precisi\u00f3n. La Compa\u00f1\u00eda no asume ninguna responsabilidad por cualquier error u omisi\u00f3n en el contenido del Sitio.<\/li>\n<li>Cuando se registra en la Compa\u00f1\u00eda y\/o en este Sitio, acepta expresamente recibir avisos, anuncios, acuerdos, divulgaciones, informes, documentos, comunicaciones sobre nuevos productos o servicios, u otros registros o correspondencia de la Compa\u00f1\u00eda. Usted acepta recibir avisos electr\u00f3nicamente mediante la transmisi\u00f3n del aviso por correo electr\u00f3nico.<\/li>\n<li>Si env\u00eda comentarios o sugerencias sobre el Sitio a la Compa\u00f1\u00eda, incluidos, entre otros, notas, texto, dibujos, im\u00e1genes, dise\u00f1os o programas inform\u00e1ticos, dichos env\u00edos se convertir\u00e1n y seguir\u00e1n siendo propiedad exclusiva de la Compa\u00f1\u00eda. Ninguna presentaci\u00f3n estar\u00e1 sujeta a ninguna obligaci\u00f3n de confidencialidad por parte de la Compa\u00f1\u00eda. La Compa\u00f1\u00eda ser\u00e1 propietaria exclusiva de todos los derechos (incluidos los derechos de propiedad intelectual) y tendr\u00e1 derecho al uso, la publicaci\u00f3n y la difusi\u00f3n sin restricciones de todos los env\u00edos para cualquier prop\u00f3sito, comercial o de otro tipo, sin ning\u00fan reconocimiento o compensaci\u00f3n para usted.<\/li>\n<li>La Compa\u00f1\u00eda har\u00e1 todos los esfuerzos comercialmente razonables para restringir el acceso no autorizado a nuestros datos y archivos. Sin embargo, ning\u00fan sistema, est\u00e9 o no protegido por contrase\u00f1a, puede ser completamente impenetrable. Usted reconoce que es posible que un tercero no autorizado acceda, vea, copie, modifique o distribuya los datos y archivos que almacena utilizando el Sitio. El uso del Sitio es completamente bajo su propio riesgo.<\/li>\n<li>La Compa\u00f1\u00eda no divulgar\u00e1 intencionalmente ninguna informaci\u00f3n de identificaci\u00f3n personal sobre usted a terceros, excepto cuando la Compa\u00f1\u00eda, de buena fe, crea que dicha divulgaci\u00f3n es necesaria para cumplir con la ley o hacer cumplir estos T\u00e9rminos de uso. Al usar el Sitio, usted expresa su aceptaci\u00f3n de la Pol\u00edtica de Privacidad de la Compa\u00f1\u00eda. Si no est\u00e1 de acuerdo con esta Pol\u00edtica de privacidad, en su totalidad o en parte, no use este Sitio.<\/li>\n<li>NI LA COMPA\u00d1\u00cdA NI NINGUNA OTRA PARTE INVOLUCRADA EN LA CREACI\u00d3N, PRODUCCI\u00d3N O MANTENIMIENTO DEL SITIO Y\/O CUALQUIER CONTENIDO EN EL SITIO SER\u00c1 RESPONSABLE BAJO NINGUNA CIRCUNSTANCIA POR CUALQUIER DA\u00d1O DIRECTO, INCIDENTAL, CONSECUENTE, INDIRECTO O PUNITIVO QUE SURJA DE SU ACCESO A O USO DEL SITIO. SIN LIMITAR LO ANTERIOR, TODO EL CONTENIDO DEL SITIO SE PROPORCIONA &quot;TAL CUAL&quot; SIN GARANT\u00cdA DE NING\u00daN TIPO, YA SEA EXPRESA O IMPL\u00cdCITA, INCLUYENDO, ENTRE OTRAS, LAS GARANT\u00cdAS IMPL\u00cdCITAS DE COMERCIABILIDAD O IDONEIDAD PARA UN PROP\u00d3SITO PARTICULAR. LA COMPA\u00d1\u00cdA NO GARANTIZA NI HACE NINGUNA REPRESENTACI\u00d3N CON RESPECTO AL USO DE LOS MATERIALES EN EL SITIO, LOS RESULTADOS DEL USO DE DICHOS MATERIALES, LA ADECUACI\u00d3N DE DICHOS MATERIALES PARA LAS NECESIDADES DE CUALQUIER USUARIO O LA PROBABILIDAD DE QUE SU USO CUMPLA CON LAS EXPECTATIVAS DE CUALQUIER USUARIO, O SU EXACTITUD, EXACTITUD, FIABILIDAD O CORRECCI\u00d3N.<\/li>\n<li>LA COMPA\u00d1\u00cdA NO SER\u00c1 RESPONSABLE DE NING\u00daN PROBLEMA DE RENDIMIENTO O SERVICIO CAUSADO POR CUALQUIER SITIO WEB DE TERCEROS O PROVEEDOR DE SERVICIOS DE TERCEROS (incluyendo, por ejemplo, su servicio de proveedor de servicios web, servicios de pago de Paypal, su software y\/o cualquier actualizaci\u00f3n o actualizaci\u00f3n de ese software). CUALQUIER PROBLEMA SE REGIR\u00c1 \u00daNICAMENTE POR EL ACUERDO ENTRE USTED Y ESE PROVEEDOR. LA COMPA\u00d1\u00cdA SE RESERVA EL DERECHO DE DETERMINAR, A SU SOLA DISCRECI\u00d3N, SI LA COMPA\u00d1\u00cdA ES RESPONSABLE DE DICHO MAL FUNCIONAMIENTO O INTERRUPCI\u00d3N. LA COMPA\u00d1\u00cdA TAMBI\u00c9N SE RESERVA EL DERECHO DE LIMITAR SU USO DEL SITIO Y\/O DEL CONTENIDO O DE TERMINAR SU CUENTA SI LA COMPA\u00d1\u00cdA DETERMINA QUE USTED HA VIOLADO ESTOS T\u00c9RMINOS DE USO O QUE HA VIOLADO CUALQUIER OTRA REGLA O CONDICI\u00d3N DE LA COMPA\u00d1\u00cdA. LA COMPA\u00d1\u00cdA SE RESERVA EL DERECHO DE RECHAZAR EL ACCESO AL SITIO Y\/O AL CONTENIDO, PRODUCTOS Y\/O SERVICIOS DE LA COMPA\u00d1\u00cdA A CUALQUIER PERSONA A SU SOLA DISCRECI\u00d3N. LA COMPA\u00d1\u00cdA SE RESERVA EL DERECHO DE DETERMINAR, A SU SOLA DISCRECI\u00d3N, SI LA COMPA\u00d1\u00cdA ES RESPONSABLE DE DICHO MAL FUNCIONAMIENTO O INTERRUPCI\u00d3N.<\/li>\n<li>Usted acepta indemnizar y eximir a la Compa\u00f1\u00eda y a cada uno de sus directores, funcionarios, empleados y agentes de cualquier responsabilidad, reclamo, da\u00f1o y gasto, incluidos los honorarios razonables de abogados, que surjan de o est\u00e9n relacionados con (i) su incumplimiento de este Acuerdo, (ii) cualquier violaci\u00f3n por su parte de la ley o los derechos de cualquier tercero, (iii) cualquier material, informaci\u00f3n, trabajo y\/u otro contenido de cualquier naturaleza o medio que publique o comparta en o a trav\u00e9s del Sitio, (iv) su uso del Sitio o cualquier servicio que la Compa\u00f1\u00eda pueda proporcionar a trav\u00e9s del Sitio, y (v) su conducta en relaci\u00f3n con el Sitio o los servicios o con otros usuarios del Sitio o los servicios. La Compa\u00f1\u00eda se reserva el derecho de asumir la defensa exclusiva de cualquier reclamo por el cual tengamos derecho a indemnizaci\u00f3n en virtud de esta Secci\u00f3n. En tal caso, deber\u00e1 brindar a la Compa\u00f1\u00eda la cooperaci\u00f3n que la Compa\u00f1\u00eda solicite razonablemente.<\/li>\n<li>Las disposiciones de estos T\u00e9rminos de uso son para el beneficio de la Compa\u00f1\u00eda, sus subsidiarias, afiliadas y sus terceros proveedores de contenido y licenciantes, y cada uno tendr\u00e1 derecho a hacer valer y hacer cumplir dichas disposiciones directamente o en su propio nombre.<\/li>\n<li>Este acuerdo se regir\u00e1 e interpretar\u00e1 de conformidad con las leyes del Estado de California, sin dar efecto a ning\u00fan principio de conflicto de leyes. Adem\u00e1s, se somete a la jurisdicci\u00f3n exclusiva de los tribunales estatales y federales con sede en el condado de Orange, California. Si alguna disposici\u00f3n de este acuerdo fuera ilegal, nula o por cualquier motivo inaplicable, entonces esa disposici\u00f3n se considerar\u00e1 separable de este acuerdo y no afectar\u00e1 la validez y aplicabilidad de las disposiciones restantes.<\/li>\n<li>Estos T\u00e9rminos de uso pueden revisarse de vez en cuando actualizando esta publicaci\u00f3n. Est\u00e1 sujeto a dichas revisiones y, por lo tanto, debe visitar peri\u00f3dicamente esta p\u00e1gina para revisar los T\u00e9rminos de uso vigentes en ese momento a los que est\u00e1 sujeto.<\/li>\n<\/ol>\n<p>\u00daltima actualizaci\u00f3n: 10 de abril de 2020<\/p>\n\n\t\t<\/div>\n\t<\/div>\n<\/div><\/div><\/div><\/div>\n<\/div>","protected":false},"excerpt":{"rendered":"PLEASE READ THESE TERMS OF USE CAREFULLY BEFORE USING THIS WEBSITE. By using this website, you signify your consent to these terms of use. If you do not agree to these Terms of Use, please do not use the website. Your access to and use of this website operated by WEST RIVER ACADEMY, www.westriveracademy.com, (collectively [...]","protected":false},"author":1,"featured_media":0,"parent":0,"menu_order":0,"comment_status":"closed","ping_status":"closed","template":"","meta":{"_acf_changed":false,"footnotes":""},"class_list":["post-140","page","type-page","status-publish","hentry"],"acf":[],"_links":{"self":[{"href":"https:\/\/westriveracademy.com\/es\/wp-json\/wp\/v2\/pages\/140","targetHints":{"allow":["GET"]}}],"collection":[{"href":"https:\/\/westriveracademy.com\/es\/wp-json\/wp\/v2\/pages"}],"about":[{"href":"https:\/\/westriveracademy.com\/es\/wp-json\/wp\/v2\/types\/page"}],"author":[{"embeddable":true,"href":"https:\/\/westriveracademy.com\/es\/wp-json\/wp\/v2\/users\/1"}],"replies":[{"embeddable":true,"href":"https:\/\/westriveracademy.com\/es\/wp-json\/wp\/v2\/comments?post=140"}],"version-history":[{"count":5,"href":"https:\/\/westriveracademy.com\/es\/wp-json\/wp\/v2\/pages\/140\/revisions"}],"predecessor-version":[{"id":33682,"href":"https:\/\/westriveracademy.com\/es\/wp-json\/wp\/v2\/pages\/140\/revisions\/33682"}],"wp:attachment":[{"href":"https:\/\/westriveracademy.com\/es\/wp-json\/wp\/v2\/media?parent=140"}],"curies":[{"name":"wp","href":"https:\/\/api.w.org\/{rel}","templated":true}]}}