{"id":142,"date":"2019-06-20T12:50:54","date_gmt":"2019-06-20T16:50:54","guid":{"rendered":"http:\/\/webproofingsite.com\/westriver\/?page_id=142"},"modified":"2020-04-10T13:34:57","modified_gmt":"2020-04-10T20:34:57","slug":"privacy-policy","status":"publish","type":"page","link":"https:\/\/westriveracademy.com\/es\/privacy-policy\/","title":{"rendered":"pol\u00edtica de privacidad"},"content":{"rendered":"<div class=\"wpb-content-wrapper\"><div class=\"vc_row wpb_row vc_row-fluid global-pages accreditation sect1\"><div class=\"wpb_column vc_column_container vc_col-sm-12\"><div class=\"vc_column-inner\"><div class=\"wpb_wrapper\">\n\t<div class=\"wpb_text_column wpb_content_element\" >\n\t\t<div class=\"wpb_wrapper\">\n\t\t\t<p>WEST RIVER ACADEMY (la &quot;Compa\u00f1\u00eda&quot;) respeta las preocupaciones de privacidad de los usuarios de su sitio web, <a href=\"https:\/\/westriveracademy.com\/es\/\">www.westriveracademy.com<\/a> y los servicios prestados en el mismo (el \u201cSitio\u201d). Por lo tanto, la Compa\u00f1\u00eda proporciona esta declaraci\u00f3n de privacidad para explicar qu\u00e9 informaci\u00f3n se recopila durante una visita al Sitio y c\u00f3mo se puede usar dicha informaci\u00f3n.<\/p>\n<p><strong>Uso de la informaci\u00f3n:<\/strong> Como pol\u00edtica general, ninguna informaci\u00f3n de identificaci\u00f3n personal, como su nombre, direcci\u00f3n o direcci\u00f3n de correo electr\u00f3nico, se recopila autom\u00e1ticamente de su visita al Sitio. Sin embargo, cierta informaci\u00f3n no personal es registrada por la operaci\u00f3n est\u00e1ndar de los servidores de Internet de la Compa\u00f1\u00eda. Se recopila informaci\u00f3n como el tipo de navegador que se utiliza, su sistema operativo y su direcci\u00f3n IP para mejorar su experiencia en l\u00ednea.<\/p>\n<p>Las diversas listas de correo, descargas, ofertas especiales, formularios de registro y encuestas del Sitio pueden solicitar que nos brinde informaci\u00f3n de contacto, como su nombre, direcci\u00f3n de correo electr\u00f3nico e informaci\u00f3n de preferencias personales, como ciertos intereses. La Compa\u00f1\u00eda utilizar\u00e1 la informaci\u00f3n enviada en el momento del env\u00edo solo seg\u00fan sea necesario para nuestros intereses comerciales leg\u00edtimos, incluida, entre otras, la mejora de nuestros productos, servicios y los contenidos del Sitio. La informaci\u00f3n de identificaci\u00f3n personal nunca se vende ni se alquila a terceros. Con su permiso, podemos usar su informaci\u00f3n de contacto para enviarle informaci\u00f3n sobre nuestra empresa y servicios. Siempre puede optar por no recibir correos futuros como se indica a continuaci\u00f3n. La Compa\u00f1\u00eda no almacena ninguna informaci\u00f3n de tarjeta de cr\u00e9dito que pueda recibir con respecto a una transacci\u00f3n espec\u00edfica y\/o acuerdo de facturaci\u00f3n, excepto cuando sea necesario para completar y satisfacer sus derechos y obligaciones con respecto a dicha transacci\u00f3n, acuerdo de facturaci\u00f3n y\/o seg\u00fan lo autorizado por un usuario.<\/p>\n<p>La Compa\u00f1\u00eda puede divulgar informaci\u00f3n del usuario en casos especiales cuando tengamos motivos para creer que divulgar esta informaci\u00f3n es necesario para identificar, contactar o emprender acciones legales contra alguien que pueda estar causando da\u00f1o o interfiriendo (ya sea intencionalmente o no) con los derechos de la Compa\u00f1\u00eda o propiedad, otros usuarios del Sitio, o cualquier otra persona que pueda verse perjudicada por tales actividades.<\/p>\n<p>Tambi\u00e9n se le puede solicitar a la Compa\u00f1\u00eda que divulgue informaci\u00f3n personal en respuesta a solicitudes legales de las autoridades p\u00fablicas, incluso para cumplir con los requisitos de seguridad nacional o de aplicaci\u00f3n de la ley.<\/p>\n<p><strong>Ni\u00f1os de 16 a\u00f1os y menores:<\/strong>\u00a0La Compa\u00f1\u00eda reconoce la obligaci\u00f3n especial de proteger la informaci\u00f3n de identificaci\u00f3n personal obtenida de ni\u00f1os menores de 16 a\u00f1os. COMO TAL, SI TIENE 16 A\u00d1OS O MENOS, LA COMPA\u00d1\u00cdA SOLICITA QUE NO ENV\u00cdE NINGUNA INFORMACI\u00d3N PERSONAL AL SITIO O A LA COMPA\u00d1\u00cdA. Si la Compa\u00f1\u00eda descubre que un ni\u00f1o de 16 a\u00f1os o menos se ha registrado en el Sitio o nos ha proporcionado informaci\u00f3n de identificaci\u00f3n personal, eliminaremos la informaci\u00f3n de identificaci\u00f3n de ese ni\u00f1o de nuestros registros.<\/p>\n<p><strong>Uso de Cookies:<\/strong>\u00a0Las cookies son piezas de informaci\u00f3n que un sitio web transfiere al disco duro de la computadora de una persona para fines de mantenimiento de registros. Las cookies facilitan el uso de nuestro Sitio, entre otras cosas, al guardar sus contrase\u00f1as y preferencias por usted. Estas cookies est\u00e1n restringidas para su uso \u00fanicamente en nuestro Sitio y no transfieren ninguna informaci\u00f3n personal a ninguna otra parte. La mayor\u00eda de los navegadores estan inicialmente preparados para aceptar cookies. Sin embargo, puede restablecer su navegador para rechazar todas las cookies o indicar cu\u00e1ndo se env\u00eda una cookie. Consulte la informaci\u00f3n t\u00e9cnica correspondiente a su navegador para obtener instrucciones. Si elige deshabilitar su configuraci\u00f3n de cookies o se niega a aceptar una cookie, es posible que algunas partes del Sitio no funcionen correctamente o que sean considerablemente m\u00e1s lentas.<\/p>\n<p><strong>Malware\/Spyware\/Virus:<\/strong>\u00a0Ni la Compa\u00f1\u00eda ni el Sitio permiten deliberadamente el uso de malware, spyware, virus y\/u otros tipos de software similares.<\/p>\n<p><strong>Enlaces a sitios externos:<\/strong>\u00a0La Compa\u00f1\u00eda no es responsable del contenido o las pr\u00e1cticas de los sitios web de terceros que puedan estar vinculados al Sitio. La Compa\u00f1\u00eda tampoco es responsable de ninguna informaci\u00f3n que pueda compartir con dichos sitios web vinculados. Debe consultar la pol\u00edtica y las pr\u00e1cticas de privacidad respectivas de cada sitio web antes de divulgar cualquier informaci\u00f3n.<\/p>\n<p><strong>Elecci\u00f3n\/Exclusi\u00f3n voluntaria:<\/strong>\u00a0El Sitio puede brindarle la oportunidad de optar por recibir nuestras comunicaciones en el momento en que solicitamos informaci\u00f3n sobre usted. Siempre tiene la opci\u00f3n de eliminar su nombre de cualquier lista de correo electr\u00f3nico para interrumpir cualquier comunicaci\u00f3n futura. Para garantizar la eliminaci\u00f3n inmediata de cualquier lista, siga las instrucciones espec\u00edficas establecidas en las comunicaciones que recibe de la Compa\u00f1\u00eda que ya no desea recibir. Si no puede completar las instrucciones especificadas en dicha comunicaci\u00f3n, env\u00edenos un correo electr\u00f3nico a <a href=\"mailto:apoyo@westriveracademy.com\">spanish@westriveracademy.com<\/a>, incluida una copia del correo electr\u00f3nico no deseado adjunto a la solicitud, e indique que desea ser eliminado de la lista de correo.<\/p>\n<p><strong>Transferencia de informaci\u00f3n a trav\u00e9s de las fronteras nacionales:<\/strong> Nuestro sitio y la diversa informaci\u00f3n que recopilamos se operan en servidores ubicados en varias jurisdicciones, incluidos los Estados Unidos. Cuando accede o utiliza el Sitio y\/o nuestros servicios, la informaci\u00f3n personal sobre usted puede transferirse fuera del pa\u00eds en el que se encuentra a estas otras ubicaciones. Las pol\u00edticas de la Empresa garantizan que dicha informaci\u00f3n personal est\u00e9 protegida con el mismo est\u00e1ndar cuando sea procesada por cualquier entidad u oficina de la Empresa en todo el mundo. Tambi\u00e9n nos aseguramos de que existan contratos apropiados que contengan cl\u00e1usulas est\u00e1ndar de protecci\u00f3n de datos aprobadas por la Comisi\u00f3n Europea para proteger esa informaci\u00f3n y los derechos de las personas con todos y cada uno de los proveedores de servicios externos que podamos utilizar.<\/p>\n<p><strong>Su acceso y control sobre su informaci\u00f3n de identificaci\u00f3n personal:<\/strong> En cualquier momento, pero solo una vez por a\u00f1o calendario, o seg\u00fan lo exija la ley aplicable, los usuarios pueden comunicarse con la Compa\u00f1\u00eda para revisar la informaci\u00f3n de identificaci\u00f3n personal que la Compa\u00f1\u00eda ha recopilado sobre usted. Si descubre alg\u00fan error, notifique a la Compa\u00f1\u00eda y se corregir\u00e1 la informaci\u00f3n. Para revisar la informaci\u00f3n de identificaci\u00f3n personal que la empresa ha recopilado sobre usted, env\u00ede un correo electr\u00f3nico a<a href=\"mailto:apoyo@westriveracademy.com\"> spanish@westriveracademy.com<\/a> con el asunto: &quot;Solicitud de revisi\u00f3n de informaci\u00f3n personal&quot;. Los usuarios tambi\u00e9n pueden solicitar que la Compa\u00f1\u00eda elimine una cuenta de usuario o, si no ha establecido una cuenta de usuario, su direcci\u00f3n de correo electr\u00f3nico y cualquier informaci\u00f3n relacionada en cualquier momento. Si desea eliminar su(s) cuenta(s) de usuario, env\u00edenos un correo electr\u00f3nico a <a href=\"mailto:apoyo@westriveracademy.com\">spanish@westriveracademy.com<\/a> con las palabras &quot;Eliminar cuenta&quot; en la l\u00ednea de asunto. Si no tiene una cuenta de usuario y desea eliminar su direcci\u00f3n de correo electr\u00f3nico u otra informaci\u00f3n de identificaci\u00f3n personal que pueda haber proporcionado a trav\u00e9s del uso del Sitio y\/o cualquiera de los Servicios, env\u00edenos un correo electr\u00f3nico a <a href=\"mailto:apoyo@westriveracademy.com\">spanish@westriveracademy.com<\/a> con las palabras &quot;Eliminar mi informaci\u00f3n&quot; en la l\u00ednea de asunto.<\/p>\n<p><strong>Sus derechos de privacidad en California:<\/strong> La Secci\u00f3n 1798.83 del C\u00f3digo Civil de California permite a los residentes de California solicitar a las empresas que realizan negocios en California una lista de terceros a los que la empresa ha revelado informaci\u00f3n de identificaci\u00f3n personal durante el a\u00f1o anterior con fines de marketing directo. La Compa\u00f1\u00eda no ha compartido ni compartir\u00e1 su informaci\u00f3n de identificaci\u00f3n personal con terceros para sus fines de marketing directo; en consecuencia, no mantendr\u00e1 dicha lista de terceros. Si es residente de California y desea informaci\u00f3n adicional que confirme c\u00f3mo la Compa\u00f1\u00eda no comparte su informaci\u00f3n de identificaci\u00f3n personal con terceros para sus fines de marketing directo, puede comunicarse con nosotros en <a href=\"mailto:apoyo@westriveracademy.com\">spanish@westriveracademy.com<\/a> con las palabras &quot;Privacidad de California&quot; en la l\u00ednea de asunto de su correo electr\u00f3nico.<\/p>\n<p><strong>Informaci\u00f3n de contacto para quejas o inquietudes:<\/strong>\u00a0Si tiene alguna queja o inquietud sobre la Compa\u00f1\u00eda o sobre esta declaraci\u00f3n de privacidad, comun\u00edquese con:<\/p>\n<p>V\u00eda correo electr\u00f3nico: <a href=\"mailto:apoyo@westriveracademy.com\">spanish@westriveracademy.com<\/a><\/p>\n<p>La informaci\u00f3n proporcionada por usted a trav\u00e9s de consultas generales por correo electr\u00f3nico a la Compa\u00f1\u00eda, como su direcci\u00f3n de correo electr\u00f3nico, se utiliza solo para responder a sus consultas en el curso ordinario de los negocios y nunca se comparte con terceros.<\/p>\n<p>Si es residente de la UE y tiene un problema de privacidad de datos sin resolver o un problema de recopilaci\u00f3n, uso o divulgaci\u00f3n de informaci\u00f3n personal, puede presentar una queja\/consulta con nosotros en:\u00a0 <a href=\"mailto:apoyo@westriveracademy.com\">spanish@westriveracademy.com<\/a><\/p>\n<p><strong>Seguridad\/C\u00f3mo se protege su informaci\u00f3n de identificaci\u00f3n personal:<\/strong> La seguridad de toda la informaci\u00f3n de identificaci\u00f3n personal es extremadamente importante para nosotros. Hemos implementado medidas de seguridad t\u00e9cnicas, administrativas y f\u00edsicas para intentar proteger su informaci\u00f3n de identificaci\u00f3n personal del acceso no autorizado y el uso indebido. Tambi\u00e9n protegemos su informaci\u00f3n de identificaci\u00f3n personal fuera de l\u00ednea. Solo los empleados que necesitan la informaci\u00f3n para realizar un trabajo espec\u00edfico (por ejemplo, servicio al cliente) tienen acceso a la informaci\u00f3n de identificaci\u00f3n personal. Las computadoras\/servidores en los que almacenamos informaci\u00f3n de identificaci\u00f3n personal se mantienen en un entorno seguro. Revisamos continuamente todas estas medidas y las actualizamos cuando corresponde. Desafortunadamente, no se puede garantizar que la transmisi\u00f3n de datos a trav\u00e9s de Internet sea 100% segura. Como resultado, mientras nos esforzamos por proteger su informaci\u00f3n personal, la Compa\u00f1\u00eda no puede asegurar ni garantizar la seguridad de la informaci\u00f3n que transmite a trav\u00e9s de Internet. Al transmitir dicha informaci\u00f3n a la Compa\u00f1\u00eda, acepta que lo hace bajo su propio riesgo.<\/p>\n<p><strong>Su aceptaci\u00f3n de estos t\u00e9rminos:<\/strong>\u00a0Al utilizar el Sitio, acepta las pol\u00edticas y restricciones establecidas en esta Pol\u00edtica de privacidad en l\u00ednea. Si no est\u00e1 de acuerdo con esta pol\u00edtica, no utilice el Sitio. Esta Pol\u00edtica de privacidad en l\u00ednea puede revisarse de vez en cuando actualizando esta publicaci\u00f3n. Est\u00e1 sujeto a dichas revisiones y, por lo tanto, debe visitar peri\u00f3dicamente esta p\u00e1gina para revisar la Pol\u00edtica de privacidad en l\u00ednea vigente en ese momento a la que est\u00e1 sujeto.<\/p>\n<p>\u00daltima actualizaci\u00f3n: 10 de abril de 2020<\/p>\n\n\t\t<\/div>\n\t<\/div>\n<\/div><\/div><\/div><\/div>\n<\/div>","protected":false},"excerpt":{"rendered":"WEST RIVER ACADEMY (the \u201cCompany\u201d) respects the privacy concerns of the users of its website, www.westriveracademy.com and the services provided therein (the \u201cSite\u201d). The Company thus provides this privacy statement to explain what information is gathered during a visit to the Site and how such information may be used. Use of Information: As a general [...]","protected":false},"author":1,"featured_media":0,"parent":0,"menu_order":0,"comment_status":"closed","ping_status":"closed","template":"","meta":{"_acf_changed":false,"footnotes":""},"class_list":["post-142","page","type-page","status-publish","hentry"],"acf":[],"_links":{"self":[{"href":"https:\/\/westriveracademy.com\/es\/wp-json\/wp\/v2\/pages\/142","targetHints":{"allow":["GET"]}}],"collection":[{"href":"https:\/\/westriveracademy.com\/es\/wp-json\/wp\/v2\/pages"}],"about":[{"href":"https:\/\/westriveracademy.com\/es\/wp-json\/wp\/v2\/types\/page"}],"author":[{"embeddable":true,"href":"https:\/\/westriveracademy.com\/es\/wp-json\/wp\/v2\/users\/1"}],"replies":[{"embeddable":true,"href":"https:\/\/westriveracademy.com\/es\/wp-json\/wp\/v2\/comments?post=142"}],"version-history":[{"count":4,"href":"https:\/\/westriveracademy.com\/es\/wp-json\/wp\/v2\/pages\/142\/revisions"}],"predecessor-version":[{"id":33684,"href":"https:\/\/westriveracademy.com\/es\/wp-json\/wp\/v2\/pages\/142\/revisions\/33684"}],"wp:attachment":[{"href":"https:\/\/westriveracademy.com\/es\/wp-json\/wp\/v2\/media?parent=142"}],"curies":[{"name":"wp","href":"https:\/\/api.w.org\/{rel}","templated":true}]}}