{"id":33938,"date":"2021-09-29T10:02:35","date_gmt":"2021-09-29T17:02:35","guid":{"rendered":"https:\/\/www.westriveracademy.com\/?page_id=33938"},"modified":"2022-02-17T04:44:03","modified_gmt":"2022-02-17T12:44:03","slug":"refund-policy","status":"publish","type":"page","link":"https:\/\/westriveracademy.com\/es\/refund-policy\/","title":{"rendered":"Politica de reembolso"},"content":{"rendered":"<div class=\"wpb-content-wrapper\"><div class=\"vc_row wpb_row vc_row-fluid global-pages accreditation sect1\"><div class=\"wpb_column vc_column_container vc_col-sm-12\"><div class=\"vc_column-inner\"><div class=\"wpb_wrapper\">\n\t<div class=\"wpb_text_column wpb_content_element\" >\n\t\t<div class=\"wpb_wrapper\">\n\t\t\t<p>WEST RIVER ACADEMY (la \"Compa\u00f1\u00eda\") tiene una pol\u00edtica de <strong>NO REEMBOLSO<\/strong> de sus servicios, productos e inscripci\u00f3n.<\/p>\n<p>Tenga en cuenta que todas las transacciones son <strong>finales<\/strong> y los honorarios <strong>No son reembolsables<\/strong> a menos que se haya hecho un acuerdo previo con West River Academy.<\/p>\n<p>Si tiene alguna pregunta o inquietud, comun\u00edquese con West River Academy a <a href=\"mailto:Contact@westriveracademy.com\">contact@westriveracademy.com<\/a> <strong>PREVIO<\/strong> a realizar cualquier pago.<\/p>\n<p><strong>Su aceptaci\u00f3n de estos t\u00e9rminos:<\/strong> Al inscribirse en West River Academy, acepta las pol\u00edticas y restricciones establecidas en esta Pol\u00edtica de reembolso. Si no est\u00e1 de acuerdo con esta pol\u00edtica, no se inscriba. Esta Pol\u00edtica de reembolso puede ser revisada de vez en cuando actualizando esta publicaci\u00f3n. Usted est\u00e1 sujeto a dichas revisiones y, por lo tanto, debe visitar peri\u00f3dicamente esta p\u00e1gina para revisar la Pol\u00edtica de reembolso vigente en ese momento a la que est\u00e1 obligado.<\/p>\n<p><em><strong>English:<\/strong><\/em><\/p>\n<p>WEST RIVER ACADEMY (the \u201cCompany\u201d) has a NO REFUND policy for its services, products and enrollment.<\/p>\n<p>Please note that all transactions are final and fees are non-refundable unless prior agreement has been made with West River Academy.<\/p>\n<p>If you have any questions or concerns, please contact West River Academy at <a href=\"mailto:Contact@westriveracademy.com\">contact@westriveracademy.com<\/a> PRIOR to making any payments.<\/p>\n<p class=\"translation-block\">Your Acceptance of These Terms: By enrolling in West River Academy, you accept the policies and restrictions set forth in this Refund Policy. If you do not agree to this policy, please do not make payments or enroll. This Refund Policy may be revised from time to time by updating this posting. You are bound by any such revisions and should therefore periodically visit this page to review the then current Refund Policy to which you are bound.<\/p>\n<p>\u00daltima actualizaci\u00f3n: 29 de septiembre de 2021<\/p>\n\n\t\t<\/div>\n\t<\/div>\n<\/div><\/div><\/div><\/div>\n<\/div>","protected":false},"excerpt":{"rendered":"WEST RIVER ACADEMY (the \u201cCompany\u201d) has a NO REFUND policy for its services, products and enrollment. Please note that all transactions are final and fees are non-refundable unless prior agreement has been made with West River Academy. If you have any questions or concerns, please contact West River Academy at Contact@westriveracademy.com PRIOR to making any [...]","protected":false},"author":7,"featured_media":0,"parent":0,"menu_order":0,"comment_status":"closed","ping_status":"closed","template":"","meta":{"_acf_changed":false,"footnotes":""},"class_list":["post-33938","page","type-page","status-publish","hentry"],"acf":[],"_links":{"self":[{"href":"https:\/\/westriveracademy.com\/es\/wp-json\/wp\/v2\/pages\/33938","targetHints":{"allow":["GET"]}}],"collection":[{"href":"https:\/\/westriveracademy.com\/es\/wp-json\/wp\/v2\/pages"}],"about":[{"href":"https:\/\/westriveracademy.com\/es\/wp-json\/wp\/v2\/types\/page"}],"author":[{"embeddable":true,"href":"https:\/\/westriveracademy.com\/es\/wp-json\/wp\/v2\/users\/7"}],"replies":[{"embeddable":true,"href":"https:\/\/westriveracademy.com\/es\/wp-json\/wp\/v2\/comments?post=33938"}],"version-history":[{"count":2,"href":"https:\/\/westriveracademy.com\/es\/wp-json\/wp\/v2\/pages\/33938\/revisions"}],"predecessor-version":[{"id":33940,"href":"https:\/\/westriveracademy.com\/es\/wp-json\/wp\/v2\/pages\/33938\/revisions\/33940"}],"wp:attachment":[{"href":"https:\/\/westriveracademy.com\/es\/wp-json\/wp\/v2\/media?parent=33938"}],"curies":[{"name":"wp","href":"https:\/\/api.w.org\/{rel}","templated":true}]}}