{"id":36544,"date":"2023-03-16T08:27:57","date_gmt":"2023-03-16T15:27:57","guid":{"rendered":"https:\/\/westriveracademy.com\/?page_id=36544"},"modified":"2025-05-23T18:25:15","modified_gmt":"2025-05-24T01:25:15","slug":"blogs","status":"publish","type":"page","link":"https:\/\/westriveracademy.com\/es\/blogs\/","title":{"rendered":"Men\u00fa del blog"},"content":{"rendered":"<div class=\"wpb-content-wrapper\"><section data-vc-full-width=\"true\" data-vc-full-width-temp=\"true\" data-vc-full-width-init=\"false\" class=\"vc_section global-pages enrollment sect2 vc_custom_1678986205753 vc_section-has-fill\"><div class=\"vc_row wpb_row vc_row-fluid\"><div class=\"wpb_column vc_column_container vc_col-sm-12\"><div class=\"vc_column-inner\"><div class=\"wpb_wrapper\">\n\t<div class=\"wpb_text_column wpb_content_element global-h3 dblue\" >\n\t\t<div class=\"wpb_wrapper\">\n\t\t\t<h3 class=\"vc_custom_heading\" style=\"text-align: center;\">Lee todo nuestro contenido en ingl\u00e9s o espa\u00f1ol<\/h3>\n\n\t\t<\/div>\n\t<\/div>\n\n\t<div class=\"wpb_text_column wpb_content_element global-ptxt subgreytxt\" >\n\t\t<div class=\"wpb_wrapper\">\n\t\t\t<h4 style=\"text-align: center;\">\u00a1Celebremos las diferencias!<\/h4>\n\n\t\t<\/div>\n\t<\/div>\n\n\t<div class=\"wpb_text_column wpb_content_element global-ptxt\" >\n\t\t<div class=\"wpb_wrapper\">\n\t\t\t<p style=\"text-align: center;\">Sabemos lo rica que es cada cultura, por lo que quer\u00edamos escribir publicaciones y entradas espec\u00edficamente para la comunidad de hablantes de ingl\u00e9s y la comunidad hispana por separado.<\/p>\n\n\t\t<\/div>\n\t<\/div>\n<div class=\"vc_empty_space\"   style=\"height: 50px\"><span class=\"vc_empty_space_inner\"><\/span><\/div><\/div><\/div><\/div><\/div><div id=\"feessect\" data-vc-full-width=\"true\" data-vc-full-width-temp=\"true\" data-vc-full-width-init=\"false\" class=\"vc_row wpb_row vc_row-fluid global-pages enrollment sect3 vc_custom_1678983690561 vc_row-has-fill\"><div class=\"wpb_column vc_column_container vc_col-sm-12\"><div class=\"vc_column-inner\"><div class=\"wpb_wrapper\"><div class=\"vc_row wpb_row vc_inner vc_row-fluid global-ptxt subgreytxt\"><div class=\"wpb_column vc_column_container vc_col-sm-4\"><div class=\"vc_column-inner\"><div class=\"wpb_wrapper\"><\/div><\/div><\/div><div class=\"wpb_column vc_column_container vc_col-sm-4\"><div class=\"vc_column-inner\"><div class=\"wpb_wrapper\">\n\t<div  class=\"wpb_single_image wpb_content_element vc_align_center wpb_content_element\">\n\t\t\n\t\t<figure class=\"wpb_wrapper vc_figure\">\n\t\t\t<div class=\"vc_single_image-wrapper   vc_box_border_grey\"><img decoding=\"async\" width=\"288\" height=\"242\" src=\"https:\/\/westriveracademy.com\/wp-content\/uploads\/2019\/06\/photo-collage-2.jpg\" class=\"vc_single_image-img attachment-full\" alt=\"photo collage 2\" title=\"collage de fotos 2\" loading=\"lazy\" \/><\/div>\n\t\t<\/figure>\n\t<\/div>\n\n\t<div class=\"wpb_text_column wpb_content_element global-ptxt subgreytxt\" >\n\t\t<div class=\"wpb_wrapper\">\n\t\t\t<h4 style=\"text-align: center;\">Tu puedes elegir:<\/h4>\n\n\t\t<\/div>\n\t<\/div>\n<\/div><\/div><\/div><div class=\"wpb_column vc_column_container vc_col-sm-4\"><div class=\"vc_column-inner\"><div class=\"wpb_wrapper\"><\/div><\/div><\/div><\/div><div class=\"vc_row wpb_row vc_inner vc_row-fluid enrollment-haq-sect\"><div class=\"wpb_column vc_column_container vc_col-sm-6\"><div class=\"vc_column-inner\"><div class=\"wpb_wrapper\">\n\t<div class=\"wpb_text_column wpb_content_element haq-buttons\" >\n\t\t<div class=\"wpb_wrapper\">\n\t\t\t<p style=\"text-align: center;\"><a class=\"yellow-butt blueg\" href=\"https:\/\/westriveracademy.com\/es\/blog\/\" target=\"_blank\" rel=\"noopener\">Ingl\u00e9s<\/a><\/p>\n\n\t\t<\/div>\n\t<\/div>\n<\/div><\/div><\/div><div class=\"wpb_column vc_column_container vc_col-sm-6\"><div class=\"vc_column-inner\"><div class=\"wpb_wrapper\">\n\t<div class=\"wpb_text_column wpb_content_element haq-buttons\" >\n\t\t<div class=\"wpb_wrapper\">\n\t\t\t<p style=\"text-align: center;\"><a class=\"yellow-butt viol\" href=\"https:\/\/westriveracademy.com\/es\/blog-espanol\/\" target=\"_blank\" rel=\"noopener\">Espa\u00f1ol<\/a><\/p>\n\n\t\t<\/div>\n\t<\/div>\n<\/div><\/div><\/div><\/div><div class=\"vc_empty_space\"   style=\"height: 50px\"><span class=\"vc_empty_space_inner\"><\/span><\/div><\/div><\/div><\/div><\/div><div class=\"vc_row-full-width vc_clearfix\"><\/div><div data-vc-full-width=\"true\" data-vc-full-width-temp=\"true\" data-vc-full-width-init=\"false\" class=\"vc_row wpb_row vc_row-fluid enrollment-haq-sect vc_custom_1678986342784 vc_row-has-fill\"><div class=\"wpb_column vc_column_container vc_col-sm-12\"><div class=\"vc_column-inner\"><div class=\"wpb_wrapper\"><div class=\"vc_row wpb_row vc_inner vc_row-fluid take-chargebanner vc_custom_1678986520792 vc_row-has-fill\"><div class=\"wpb_column vc_column_container vc_col-sm-3\"><div class=\"vc_column-inner\"><div class=\"wpb_wrapper\"><\/div><\/div><\/div><div class=\"wpb_column vc_column_container vc_col-sm-9\"><div class=\"vc_column-inner\"><div class=\"wpb_wrapper\">\n\t<div class=\"wpb_text_column wpb_content_element global-ptxt subgreytxt\" >\n\t\t<div class=\"wpb_wrapper\">\n\t\t\t<h4 style=\"text-align: center;\">\u00a1H\u00e1gase cargo de la educaci\u00f3n de sus hijos y ay\u00fadelos a convertirse en adultos seguros, felices y pr\u00f3speros!<\/h4>\n\n\t\t<\/div>\n\t<\/div>\n\n\t<div class=\"wpb_text_column wpb_content_element\" >\n\t\t<div class=\"wpb_wrapper\">\n\t\t\t<p style=\"text-align: center;\"><a class=\"yellow-butt\" href=\"https:\/\/portal.westriveracademy.com\/family\/dashboard?EnrollNow\">inscr\u00edbete ahora<\/a><\/p>\n\n\t\t<\/div>\n\t<\/div>\n<\/div><\/div><\/div><\/div><\/div><\/div><\/div><\/div><div class=\"vc_row-full-width vc_clearfix\"><\/div><\/section><div class=\"vc_row-full-width vc_clearfix\"><\/div>\n<\/div>","protected":false},"excerpt":{"rendered":"Read all our content in English or Spanish Let's celebrate the differences! We know how rich every culture is, so we wanted to write posts and entries specifically for the English speakers' community and the Hispanic community separately. You can choose: English Espa\u00f1ol Take charge of your children\u2019s education and help them grow into confident, [...]","protected":false},"author":13,"featured_media":0,"parent":0,"menu_order":0,"comment_status":"closed","ping_status":"closed","template":"","meta":{"_acf_changed":false,"footnotes":""},"class_list":["post-36544","page","type-page","status-publish","hentry"],"acf":[],"_links":{"self":[{"href":"https:\/\/westriveracademy.com\/es\/wp-json\/wp\/v2\/pages\/36544","targetHints":{"allow":["GET"]}}],"collection":[{"href":"https:\/\/westriveracademy.com\/es\/wp-json\/wp\/v2\/pages"}],"about":[{"href":"https:\/\/westriveracademy.com\/es\/wp-json\/wp\/v2\/types\/page"}],"author":[{"embeddable":true,"href":"https:\/\/westriveracademy.com\/es\/wp-json\/wp\/v2\/users\/13"}],"replies":[{"embeddable":true,"href":"https:\/\/westriveracademy.com\/es\/wp-json\/wp\/v2\/comments?post=36544"}],"version-history":[{"count":5,"href":"https:\/\/westriveracademy.com\/es\/wp-json\/wp\/v2\/pages\/36544\/revisions"}],"predecessor-version":[{"id":58604,"href":"https:\/\/westriveracademy.com\/es\/wp-json\/wp\/v2\/pages\/36544\/revisions\/58604"}],"wp:attachment":[{"href":"https:\/\/westriveracademy.com\/es\/wp-json\/wp\/v2\/media?parent=36544"}],"curies":[{"name":"wp","href":"https:\/\/api.w.org\/{rel}","templated":true}]}}