{"id":43816,"date":"2023-11-20T18:12:43","date_gmt":"2023-11-21T02:12:43","guid":{"rendered":"https:\/\/westriveracademy.com\/?page_id=43816"},"modified":"2025-05-07T08:15:23","modified_gmt":"2025-05-07T15:15:23","slug":"graduation-program","status":"publish","type":"page","link":"https:\/\/westriveracademy.com\/es\/graduation-program\/","title":{"rendered":"Programa de Graduaci\u00f3n"},"content":{"rendered":"<div class=\"wpb-content-wrapper\"><div data-vc-full-width=\"true\" data-vc-full-width-temp=\"true\" data-vc-full-width-init=\"false\" data-vc-stretch-content=\"true\" class=\"vc_row wpb_row vc_row-fluid vc_custom_1478010822386 vc_row-has-fill vc_row-o-equal-height vc_row-o-content-middle vc_row-flex\"><div class=\"wpb_column vc_column_container vc_col-sm-2\"><div class=\"vc_column-inner\"><div class=\"wpb_wrapper\"><\/div><\/div><\/div><div class=\"wpb_column vc_column_container vc_col-sm-4\"><div class=\"vc_column-inner\"><div class=\"wpb_wrapper\"><h1 style=\"font-size: 60px;color: #9e5062;text-align: left\" class=\"vc_custom_heading vc_do_custom_heading vc_custom_1700660592174\" ><strong>POR FAVOR, LEER Y VER EL VIDEO<\/strong><\/h1>\n\t<div class=\"wpb_text_column wpb_content_element\" >\n\t\t<div class=\"wpb_wrapper\">\n\t\t\t<p>Mira este video para saber un poco m\u00e1s sobre el proceso de graduaci\u00f3n y una vez hagas esto, por favor, escr\u00edbele a Stacey a <a href=\"mailto:registrar@westriveracademy.com\">registrar@westriveracademy.com<\/a> para confirmar si eres elegible para graduarte e iniciar el proceso de graduaci\u00f3n.<\/p>\n<p><strong>Debes estar inscrito con nosotros durante los cuatro (4) a\u00f1os, del 9no al 12avo grado, o tener aprobadas por nosotros las transcripciones de escuelas anteriores con estos grados.<\/strong><\/p>\n\n\t\t<\/div>\n\t<\/div>\n<\/div><\/div><\/div><div class=\"wpb_column vc_column_container vc_col-sm-4\"><div class=\"vc_column-inner\"><div class=\"wpb_wrapper\"><div class=\"vc_tta-container\" data-vc-action=\"collapse\"><h2>Elije entre ingl\u00e9s o espa\u00f1ol para ver el video:<\/h2><div class=\"vc_general vc_tta vc_tta-accordion vc_tta-color-grey vc_tta-style-modern vc_tta-shape-rounded vc_tta-o-shape-group vc_tta-controls-align-center\"><div class=\"vc_tta-panels-container\"><div class=\"vc_tta-panels\"><div class=\"vc_tta-panel vc_active\" id=\"1701906833095-568e6798-b16c\" data-vc-content=\".vc_tta-panel-body\"><div class=\"vc_tta-panel-heading\"><h4 class=\"vc_tta-panel-title vc_tta-controls-icon-position-left\"><a href=\"#1701906833095-568e6798-b16c\" data-vc-accordion data-vc-container=\".vc_tta-container\"><span class=\"vc_tta-title-text\">INGL\u00c9S<\/span><i class=\"vc_tta-controls-icon vc_tta-controls-icon-plus\"><\/i><\/a><\/h4><\/div><div class=\"vc_tta-panel-body\">\n\t<div class=\"wpb_raw_code wpb_raw_html wpb_content_element\" >\n\t\t<div class=\"wpb_wrapper\">\n\t\t\t<center>\n<iframe src=\"https:\/\/www.dropbox.com\/scl\/fi\/2qegw1j9iva4omn9rls7d\/GP-Tutorial.mp4?rlkey=ezny2lpdz92h945aqmm9k77j4&raw=1\" height=\"600px\" width=\"800px\" allowfullscreen loading=\"lazy\"><\/iframe>\n<\/center>\n\t\t<\/div>\n\t<\/div>\n\n\t<div class=\"wpb_text_column wpb_content_element\" >\n\t\t<div class=\"wpb_wrapper\">\n\t\t\t<h5 style=\"text-align: center;\">Si no puedes ver el video anterior, haz click en el enlace siguiente:<\/h5>\n<h5 style=\"text-align: center;\"><a href=\"https:\/\/www.dropbox.com\/scl\/fi\/2qegw1j9iva4omn9rls7d\/GP-Tutorial.mp4?rlkey=ezny2lpdz92h945aqmm9k77j4&amp;dl=0\">https:\/\/www.dropbox.com\/scl\/fi\/2qegw1j9iva4omn9rls7d\/GP-Tutorial.mp4?rlkey=ezny2lpdz92h945aqmm9k77j4&amp;dl=0<\/a><\/h5>\n\n\t\t<\/div>\n\t<\/div>\n<\/div><\/div><div class=\"vc_tta-panel\" id=\"1701906833112-523e13e5-859c\" data-vc-content=\".vc_tta-panel-body\"><div class=\"vc_tta-panel-heading\"><h4 class=\"vc_tta-panel-title vc_tta-controls-icon-position-left\"><a href=\"#1701906833112-523e13e5-859c\" data-vc-accordion data-vc-container=\".vc_tta-container\"><span class=\"vc_tta-title-text\">ESPA\u00d1OL<\/span><i class=\"vc_tta-controls-icon vc_tta-controls-icon-plus\"><\/i><\/a><\/h4><\/div><div class=\"vc_tta-panel-body\">\n\t<div class=\"wpb_text_column wpb_content_element\" >\n\t\t<div class=\"wpb_wrapper\">\n\t\t\t<p><iframe title=\"GP Tutorial Spanish\" width=\"640\" height=\"360\" src=\"https:\/\/www.youtube.com\/embed\/p9qvPGR8Lqo?feature=oembed\" frameborder=\"0\" allow=\"accelerometer; autoplay; clipboard-write; encrypted-media; gyroscope; picture-in-picture; web-share\" referrerpolicy=\"strict-origin-when-cross-origin\" allowfullscreen loading=\"lazy\"><\/iframe><\/p>\n\n\t\t<\/div>\n\t<\/div>\n\n\t<div class=\"wpb_text_column wpb_content_element\" >\n\t\t<div class=\"wpb_wrapper\">\n\t\t\t<h5 style=\"text-align: center;\">Si no puedes ver el video anterior, haz clic en el siguiente enlace:<\/h5>\n<h5 style=\"text-align: center;\"><a href=\"https:\/\/www.dropbox.com\/scl\/fi\/jw0vbh13aodgcf1p5asnq\/GP-Tutorial_Spanish.mp4?rlkey=ev7rkayunjnnjn5wpkab5ie50&amp;dl=0\" target=\"_blank\" rel=\"noopener\">https:\/\/www.dropbox.com\/scl\/fi\/jw0vbh13aodgcf1p5asnq\/GP-Tutorial_Spanish.mp4?rlkey=ev7rkayunjnnjn5wpkab5ie50&amp;dl=0<\/a><\/h5>\n\n\t\t<\/div>\n\t<\/div>\n<\/div><\/div><\/div><\/div><\/div><\/div><\/div><\/div><\/div><div class=\"wpb_column vc_column_container vc_col-sm-2\"><div class=\"vc_column-inner\"><div class=\"wpb_wrapper\"><\/div><\/div><\/div><\/div><div class=\"vc_row-full-width vc_clearfix\"><\/div>\n<\/div>","protected":false},"excerpt":{"rendered":"PLEASE READ and WATCH Watch this video to learn more about the Graduation Process, and please email Stacey at registrar@westriveracademy.com to confirm your graduation eligibility and start the graduation process. You must either be enrolled with us for all four (4) years, grades 9-12, or have previous schools\u2019 transcripts approved by us. Choose between English [...]","protected":false},"author":13,"featured_media":0,"parent":0,"menu_order":0,"comment_status":"closed","ping_status":"closed","template":"","meta":{"_acf_changed":false,"footnotes":""},"class_list":["post-43816","page","type-page","status-publish","hentry"],"acf":[],"_links":{"self":[{"href":"https:\/\/westriveracademy.com\/es\/wp-json\/wp\/v2\/pages\/43816","targetHints":{"allow":["GET"]}}],"collection":[{"href":"https:\/\/westriveracademy.com\/es\/wp-json\/wp\/v2\/pages"}],"about":[{"href":"https:\/\/westriveracademy.com\/es\/wp-json\/wp\/v2\/types\/page"}],"author":[{"embeddable":true,"href":"https:\/\/westriveracademy.com\/es\/wp-json\/wp\/v2\/users\/13"}],"replies":[{"embeddable":true,"href":"https:\/\/westriveracademy.com\/es\/wp-json\/wp\/v2\/comments?post=43816"}],"version-history":[{"count":5,"href":"https:\/\/westriveracademy.com\/es\/wp-json\/wp\/v2\/pages\/43816\/revisions"}],"predecessor-version":[{"id":58266,"href":"https:\/\/westriveracademy.com\/es\/wp-json\/wp\/v2\/pages\/43816\/revisions\/58266"}],"wp:attachment":[{"href":"https:\/\/westriveracademy.com\/es\/wp-json\/wp\/v2\/media?parent=43816"}],"curies":[{"name":"wp","href":"https:\/\/api.w.org\/{rel}","templated":true}]}}