{"id":52098,"date":"2024-07-31T15:05:42","date_gmt":"2024-07-31T22:05:42","guid":{"rendered":"https:\/\/westriveracademy.com\/?page_id=52098"},"modified":"2025-04-01T14:46:40","modified_gmt":"2025-04-01T21:46:40","slug":"resources-webpages","status":"publish","type":"page","link":"https:\/\/westriveracademy.com\/es\/resources-webpages\/","title":{"rendered":"P\u00e1ginas Web"},"content":{"rendered":"<div class=\"wpb-content-wrapper\"><div class=\"vc_row wpb_row vc_row-fluid vc_column-gap-10 vc_row-o-equal-height vc_row-flex\"><div class=\"wpb_column vc_column_container vc_col-sm-4 vc_col-has-fill\"><div class=\"vc_column-inner vc_custom_1724891193059\"><div class=\"wpb_wrapper\">\n\t<div  class=\"wpb_single_image wpb_content_element vc_align_center wpb_content_element vc_custom_1708619422631\">\n\t\t\n\t\t<figure class=\"wpb_wrapper vc_figure\">\n\t\t\t<a href=\"https:\/\/www.unschoolingmom2mom.com\" target=\"_blank\" class=\"vc_single_image-wrapper vc_box_rounded  vc_box_border_grey\"><img decoding=\"async\" width=\"300\" height=\"300\" src=\"https:\/\/westriveracademy.com\/wp-content\/uploads\/2024\/02\/Unschooling-mom2mom-LOGO.jpg\" class=\"vc_single_image-img attachment-full\" alt=\"Unschooling mom2mom LOGO\" title=\"Unschooling mom2mom LOGO\" srcset=\"https:\/\/westriveracademy.com\/wp-content\/uploads\/2024\/02\/Unschooling-mom2mom-LOGO.jpg 300w, https:\/\/westriveracademy.com\/wp-content\/uploads\/2024\/02\/Unschooling-mom2mom-LOGO-150x150.jpg 150w, https:\/\/westriveracademy.com\/wp-content\/uploads\/2024\/02\/Unschooling-mom2mom-LOGO-12x12.jpg 12w\" sizes=\"(max-width: 300px) 100vw, 300px\" loading=\"lazy\" \/><\/a>\n\t\t<\/figure>\n\t<\/div>\n<div class=\"vc_empty_space\"   style=\"height: 32px\"><span class=\"vc_empty_space_inner\"><\/span><\/div><h3 style=\"text-align: center\" class=\"vc_custom_heading vc_do_custom_heading\" >Unschooling Mom2Mom<\/h3>\n\t<div class=\"wpb_text_column wpb_content_element\" >\n\t\t<div class=\"wpb_wrapper\">\n\t\t\t<p style=\"text-align: center;\">Este sitio web proporciona un refugio de apoyo para padres que se aventuran en el unschooling. Benef\u00edciate de llamadas de coaching grupal, recursos exclusivos, grupos privados en Facebook y WhatsApp, adem\u00e1s de contenido personalizado para navegar por los a\u00f1os de la adolescencia.<\/p>\n\n\t\t<\/div>\n\t<\/div>\n<div class=\"vc_empty_space\"   style=\"height: 32px\"><span class=\"vc_empty_space_inner\"><\/span><\/div><\/div><\/div><\/div><div class=\"wpb_column vc_column_container vc_col-sm-4 vc_col-has-fill\"><div class=\"vc_column-inner vc_custom_1724891200932\"><div class=\"wpb_wrapper\">\n\t<div  class=\"wpb_single_image wpb_content_element vc_align_center wpb_content_element vc_custom_1708619402230\">\n\t\t\n\t\t<figure class=\"wpb_wrapper vc_figure\">\n\t\t\t<a href=\"https:\/\/worldschooling.quest\/\" target=\"_blank\" class=\"vc_single_image-wrapper vc_box_rounded  vc_box_border_grey\"><img decoding=\"async\" width=\"300\" height=\"300\" src=\"https:\/\/westriveracademy.com\/wp-content\/uploads\/2024\/02\/Worldschooling_Quest-LOGO.jpg\" class=\"vc_single_image-img attachment-full\" alt=\"Worldschooling Quest LOGO\" title=\"Worldschooling Quest LOGO\" srcset=\"https:\/\/westriveracademy.com\/wp-content\/uploads\/2024\/02\/Worldschooling_Quest-LOGO.jpg 300w, https:\/\/westriveracademy.com\/wp-content\/uploads\/2024\/02\/Worldschooling_Quest-LOGO-150x150.jpg 150w, https:\/\/westriveracademy.com\/wp-content\/uploads\/2024\/02\/Worldschooling_Quest-LOGO-12x12.jpg 12w\" sizes=\"(max-width: 300px) 100vw, 300px\" loading=\"lazy\" \/><\/a>\n\t\t<\/figure>\n\t<\/div>\n<div class=\"vc_empty_space\"   style=\"height: 32px\"><span class=\"vc_empty_space_inner\"><\/span><\/div><h3 style=\"text-align: center\" class=\"vc_custom_heading vc_do_custom_heading\" >Worldschooling Quest<\/h3>\n\t<div class=\"wpb_text_column wpb_content_element\" >\n\t\t<div class=\"wpb_wrapper\">\n\t\t\t<p style=\"text-align: center;\">Esta comunidad fomenta la educaci\u00f3n mundial fuera de las aulas convencionales. Abrazando la diversidad, promueven la inclusi\u00f3n y buscan soluciones colaborativas a los desaf\u00edos del mundo real, cultivando un vibrante ecosistema de aprendizaje en l\u00ednea.<\/p>\n\n\t\t<\/div>\n\t<\/div>\n<div class=\"vc_empty_space\"   style=\"height: 32px\"><span class=\"vc_empty_space_inner\"><\/span><\/div><\/div><\/div><\/div><div class=\"wpb_column vc_column_container vc_col-sm-4 vc_col-has-fill\"><div class=\"vc_column-inner vc_custom_1724891208887\"><div class=\"wpb_wrapper\">\n\t<div  class=\"wpb_single_image wpb_content_element vc_align_center wpb_content_element vc_custom_1743543827195\">\n\t\t\n\t\t<figure class=\"wpb_wrapper vc_figure\">\n\t\t\t<a href=\"https:\/\/www.lifeisgoodconference.com\/\" target=\"_blank\" class=\"vc_single_image-wrapper vc_box_rounded  vc_box_border_grey\"><img decoding=\"async\" width=\"300\" height=\"300\" src=\"https:\/\/westriveracademy.com\/wp-content\/uploads\/2025\/04\/LIFE-is-Good.jpg\" class=\"vc_single_image-img attachment-full\" alt=\"LIFE is Good\" title=\"LIFE is Good\" srcset=\"https:\/\/westriveracademy.com\/wp-content\/uploads\/2025\/04\/LIFE-is-Good.jpg 300w, https:\/\/westriveracademy.com\/wp-content\/uploads\/2025\/04\/LIFE-is-Good-150x150.jpg 150w, https:\/\/westriveracademy.com\/wp-content\/uploads\/2025\/04\/LIFE-is-Good-12x12.jpg 12w, https:\/\/westriveracademy.com\/wp-content\/uploads\/2025\/04\/LIFE-is-Good-200x200.jpg 200w\" sizes=\"(max-width: 300px) 100vw, 300px\" loading=\"lazy\" \/><\/a>\n\t\t<\/figure>\n\t<\/div>\n<div class=\"vc_empty_space\"   style=\"height: 32px\"><span class=\"vc_empty_space_inner\"><\/span><\/div><h3 style=\"text-align: center\" class=\"vc_custom_heading vc_do_custom_heading\" >LIFE is Good<\/h3>\n\t<div class=\"wpb_text_column wpb_content_element\" >\n\t\t<div class=\"wpb_wrapper\">\n\t\t\t<p style=\"text-align: center;\">This conference celebrates unschooling through connection, play, and community. It offers a space to meet like-minded families and find joy and support on your self-directed learning journey.<\/p>\n\n\t\t<\/div>\n\t<\/div>\n<div class=\"vc_empty_space\"   style=\"height: 32px\"><span class=\"vc_empty_space_inner\"><\/span><\/div><\/div><\/div><\/div><\/div><div class=\"vc_row wpb_row vc_row-fluid vc_custom_1724891288188 vc_row-has-fill vc_column-gap-10 vc_row-o-equal-height vc_row-flex\"><div class=\"wpb_column vc_column_container vc_col-sm-4 vc_col-has-fill\"><div class=\"vc_column-inner vc_custom_1724891146652\"><div class=\"wpb_wrapper\">\n\t<div  class=\"wpb_single_image wpb_content_element vc_align_center wpb_content_element vc_custom_1708619459500\">\n\t\t\n\t\t<figure class=\"wpb_wrapper vc_figure\">\n\t\t\t<a href=\"https:\/\/www.freethm.com\/\" target=\"_blank\" class=\"vc_single_image-wrapper vc_box_rounded  vc_box_border_grey\"><img decoding=\"async\" width=\"300\" height=\"300\" src=\"https:\/\/westriveracademy.com\/wp-content\/uploads\/2024\/02\/freethem-LOGO.jpg\" class=\"vc_single_image-img attachment-full\" alt=\"freethem LOGO\" title=\"freethem LOGO\" srcset=\"https:\/\/westriveracademy.com\/wp-content\/uploads\/2024\/02\/freethem-LOGO.jpg 300w, https:\/\/westriveracademy.com\/wp-content\/uploads\/2024\/02\/freethem-LOGO-150x150.jpg 150w, https:\/\/westriveracademy.com\/wp-content\/uploads\/2024\/02\/freethem-LOGO-12x12.jpg 12w\" sizes=\"(max-width: 300px) 100vw, 300px\" loading=\"lazy\" \/><\/a>\n\t\t<\/figure>\n\t<\/div>\n<div class=\"vc_empty_space\"   style=\"height: 32px\"><span class=\"vc_empty_space_inner\"><\/span><\/div><h3 style=\"text-align: center\" class=\"vc_custom_heading vc_do_custom_heading\" >Free th'm<\/h3>\n\t<div class=\"wpb_text_column wpb_content_element\" >\n\t\t<div class=\"wpb_wrapper\">\n\t\t\t<p style=\"text-align: center;\">Los pueblos sostenibles de Freeth'm ofrecen un estilo de vida similar al unschooling. Aceptan los derechos individuales, la conciencia ecol\u00f3gica y el aprendizaje impulsado por la comunidad. \u00danete a ellos para dar forma a un futuro donde la educaci\u00f3n y la sostenibilidad se entrelacen.<\/p>\n\n\t\t<\/div>\n\t<\/div>\n<div class=\"vc_empty_space\"   style=\"height: 32px\"><span class=\"vc_empty_space_inner\"><\/span><\/div><\/div><\/div><\/div><div class=\"wpb_column vc_column_container vc_col-sm-4 vc_col-has-fill\"><div class=\"vc_column-inner vc_custom_1724891183879\"><div class=\"wpb_wrapper\">\n\t<div  class=\"wpb_single_image wpb_content_element vc_align_center wpb_content_element vc_custom_1708619596345\">\n\t\t\n\t\t<figure class=\"wpb_wrapper vc_figure\">\n\t\t\t<a href=\"https:\/\/www.worldschoolpopuphub.com\/\" target=\"_blank\" class=\"vc_single_image-wrapper vc_box_rounded  vc_box_border_grey\"><img decoding=\"async\" width=\"300\" height=\"300\" src=\"https:\/\/westriveracademy.com\/wp-content\/uploads\/2024\/02\/Worldschool-Pop-Up-Hub-LOGO.jpg\" class=\"vc_single_image-img attachment-full\" alt=\"Worldschool Pop Up Hub LOGO\" title=\"Worldschool Pop Up Hub LOGO\" srcset=\"https:\/\/westriveracademy.com\/wp-content\/uploads\/2024\/02\/Worldschool-Pop-Up-Hub-LOGO.jpg 300w, https:\/\/westriveracademy.com\/wp-content\/uploads\/2024\/02\/Worldschool-Pop-Up-Hub-LOGO-150x150.jpg 150w, https:\/\/westriveracademy.com\/wp-content\/uploads\/2024\/02\/Worldschool-Pop-Up-Hub-LOGO-12x12.jpg 12w\" sizes=\"(max-width: 300px) 100vw, 300px\" loading=\"lazy\" \/><\/a>\n\t\t<\/figure>\n\t<\/div>\n<div class=\"vc_empty_space\"   style=\"height: 32px\"><span class=\"vc_empty_space_inner\"><\/span><\/div><h3 style=\"text-align: center\" class=\"vc_custom_heading vc_do_custom_heading\" >Worldschool Pop-Up Hub<\/h3>\n\t<div class=\"wpb_text_column wpb_content_element\" >\n\t\t<div class=\"wpb_wrapper\">\n\t\t\t<p style=\"text-align: center;\">Pop-ups alrededor del mundo para atraer a familias que practican la educaci\u00f3n mundial a reunirse y explorar juntas.<\/p>\n\n\t\t<\/div>\n\t<\/div>\n<div class=\"vc_empty_space\"   style=\"height: 32px\"><span class=\"vc_empty_space_inner\"><\/span><\/div><\/div><\/div><\/div><div class=\"wpb_column vc_column_container vc_col-sm-4 vc_col-has-fill\"><div class=\"vc_column-inner vc_custom_1724891333273\"><div class=\"wpb_wrapper\">\n\t<div  class=\"wpb_single_image wpb_content_element vc_align_center wpb_content_element vc_custom_1708619616619\">\n\t\t\n\t\t<figure class=\"wpb_wrapper vc_figure\">\n\t\t\t<a href=\"https:\/\/www.facebook.com\/worldschoolpopuphub\/\" target=\"_blank\" class=\"vc_single_image-wrapper vc_box_rounded  vc_box_border_grey\"><img decoding=\"async\" width=\"300\" height=\"300\" src=\"https:\/\/westriveracademy.com\/wp-content\/uploads\/2024\/02\/Worldschool-Pop-Up-Hub-fb-LOGO.jpg\" class=\"vc_single_image-img attachment-full\" alt=\"Worldschool Pop Up Hub fb LOGO\" title=\"Worldschool Pop Up Hub fb LOGO\" srcset=\"https:\/\/westriveracademy.com\/wp-content\/uploads\/2024\/02\/Worldschool-Pop-Up-Hub-fb-LOGO.jpg 300w, https:\/\/westriveracademy.com\/wp-content\/uploads\/2024\/02\/Worldschool-Pop-Up-Hub-fb-LOGO-150x150.jpg 150w, https:\/\/westriveracademy.com\/wp-content\/uploads\/2024\/02\/Worldschool-Pop-Up-Hub-fb-LOGO-12x12.jpg 12w\" sizes=\"(max-width: 300px) 100vw, 300px\" loading=\"lazy\" \/><\/a>\n\t\t<\/figure>\n\t<\/div>\n<div class=\"vc_empty_space\"   style=\"height: 32px\"><span class=\"vc_empty_space_inner\"><\/span><\/div><h3 style=\"text-align: center\" class=\"vc_custom_heading vc_do_custom_heading\" >The Carlson's Facebook Page<\/h3>\n\t<div class=\"wpb_text_column wpb_content_element\" >\n\t\t<div class=\"wpb_wrapper\">\n\t\t\t<p style=\"text-align: center;\">Conoce a la Familia Carlson: Apasionados viajeros desde 2014, esta familia de cinco miembros se embarc\u00f3 en un viaje a tiempo completo, educando a sus adolescentes en el mundo a trav\u00e9s de la educaci\u00f3n mundial. Fomentan la comunidad a trav\u00e9s de esta plataforma, creando recuerdos juntos.<\/p>\n\n\t\t<\/div>\n\t<\/div>\n<div class=\"vc_empty_space\"   style=\"height: 32px\"><span class=\"vc_empty_space_inner\"><\/span><\/div><\/div><\/div><\/div><\/div><div class=\"vc_row wpb_row vc_row-fluid vc_column-gap-10 vc_row-o-equal-height vc_row-flex\"><div class=\"wpb_column vc_column_container vc_col-sm-4 vc_col-has-fill\"><div class=\"vc_column-inner vc_custom_1724891216706\"><div class=\"wpb_wrapper\">\n\t<div  class=\"wpb_single_image wpb_content_element vc_align_center wpb_content_element vc_custom_1708619511202\">\n\t\t\n\t\t<figure class=\"wpb_wrapper vc_figure\">\n\t\t\t<a href=\"https:\/\/transformativementoringforteens.com\/\" target=\"_blank\" class=\"vc_single_image-wrapper vc_box_rounded  vc_box_border_grey\"><img decoding=\"async\" width=\"300\" height=\"300\" src=\"https:\/\/westriveracademy.com\/wp-content\/uploads\/2024\/02\/Lainie-Liberti-LOGO.jpg\" class=\"vc_single_image-img attachment-full\" alt=\"Lainie Liberti LOGO\" title=\"Lainie Liberti LOGO\" srcset=\"https:\/\/westriveracademy.com\/wp-content\/uploads\/2024\/02\/Lainie-Liberti-LOGO.jpg 300w, https:\/\/westriveracademy.com\/wp-content\/uploads\/2024\/02\/Lainie-Liberti-LOGO-150x150.jpg 150w, https:\/\/westriveracademy.com\/wp-content\/uploads\/2024\/02\/Lainie-Liberti-LOGO-12x12.jpg 12w\" sizes=\"(max-width: 300px) 100vw, 300px\" loading=\"lazy\" \/><\/a>\n\t\t<\/figure>\n\t<\/div>\n<div class=\"vc_empty_space\"   style=\"height: 32px\"><span class=\"vc_empty_space_inner\"><\/span><\/div><h3 style=\"text-align: center\" class=\"vc_custom_heading vc_do_custom_heading\" >Transformative Mentoring for Teens<\/h3>\n\t<div class=\"wpb_text_column wpb_content_element\" >\n\t\t<div class=\"wpb_wrapper\">\n\t\t\t<p style=\"text-align: center;\">Descubre la experiencia de Lainie Liberti en coaching de confianza y empoderamiento juvenil. Co-fundadora de Project World School, dise\u00f1a retiros transformadores para adolescentes, fomentando la inmersi\u00f3n cultural y el aprendizaje autodirigido a nivel mundial.<\/p>\n\n\t\t<\/div>\n\t<\/div>\n<div class=\"vc_empty_space\"   style=\"height: 32px\"><span class=\"vc_empty_space_inner\"><\/span><\/div><\/div><\/div><\/div><div class=\"wpb_column vc_column_container vc_col-sm-4 vc_col-has-fill\"><div class=\"vc_column-inner vc_custom_1724891227531\"><div class=\"wpb_wrapper\">\n\t<div  class=\"wpb_single_image wpb_content_element vc_align_center wpb_content_element vc_custom_1708619541941\">\n\t\t\n\t\t<figure class=\"wpb_wrapper vc_figure\">\n\t\t\t<a href=\"https:\/\/projectworldschool.com\/\" target=\"_blank\" class=\"vc_single_image-wrapper vc_box_rounded  vc_box_border_grey\"><img decoding=\"async\" width=\"300\" height=\"300\" src=\"https:\/\/westriveracademy.com\/wp-content\/uploads\/2024\/02\/Project-Worldschool-LOGO.jpg\" class=\"vc_single_image-img attachment-full\" alt=\"Project Worldschool LOGO\" title=\"Project Worldschool LOGO\" srcset=\"https:\/\/westriveracademy.com\/wp-content\/uploads\/2024\/02\/Project-Worldschool-LOGO.jpg 300w, https:\/\/westriveracademy.com\/wp-content\/uploads\/2024\/02\/Project-Worldschool-LOGO-150x150.jpg 150w, https:\/\/westriveracademy.com\/wp-content\/uploads\/2024\/02\/Project-Worldschool-LOGO-12x12.jpg 12w\" sizes=\"(max-width: 300px) 100vw, 300px\" loading=\"lazy\" \/><\/a>\n\t\t<\/figure>\n\t<\/div>\n<div class=\"vc_empty_space\"   style=\"height: 32px\"><span class=\"vc_empty_space_inner\"><\/span><\/div><h3 style=\"text-align: center\" class=\"vc_custom_heading vc_do_custom_heading\" >Project World School<\/h3>\n\t<div class=\"wpb_text_column wpb_content_element\" >\n\t\t<div class=\"wpb_wrapper\">\n\t\t\t<p style=\"text-align: center;\">Emb\u00e1rcate en aventuras de aprendizaje inmersivo con Project World School. Dise\u00f1ados para homeschoolers y unschoolers, sus retiros crean Comunidades de Aprendizaje Temporales, explorando los paisajes de los pa\u00edses anfitriones. \u00a1\u00danete al viaje hoy!<\/p>\n\n\t\t<\/div>\n\t<\/div>\n<div class=\"vc_empty_space\"   style=\"height: 32px\"><span class=\"vc_empty_space_inner\"><\/span><\/div><\/div><\/div><\/div><div class=\"wpb_column vc_column_container vc_col-sm-4 vc_col-has-fill\"><div class=\"vc_column-inner vc_custom_1724891235099\"><div class=\"wpb_wrapper\">\n\t<div  class=\"wpb_single_image wpb_content_element vc_align_center wpb_content_element vc_custom_1708619573451\">\n\t\t\n\t\t<figure class=\"wpb_wrapper vc_figure\">\n\t\t\t<a href=\"https:\/\/www.facebook.com\/ilainie\/\" target=\"_blank\" class=\"vc_single_image-wrapper vc_box_rounded  vc_box_border_grey\"><img decoding=\"async\" width=\"300\" height=\"300\" src=\"https:\/\/westriveracademy.com\/wp-content\/uploads\/2024\/02\/Lainie-Liberti-fb-LOGO.jpg\" class=\"vc_single_image-img attachment-full\" alt=\"Lainie Liberti fb LOGO\" title=\"Lainie Liberti fb LOGO\" srcset=\"https:\/\/westriveracademy.com\/wp-content\/uploads\/2024\/02\/Lainie-Liberti-fb-LOGO.jpg 300w, https:\/\/westriveracademy.com\/wp-content\/uploads\/2024\/02\/Lainie-Liberti-fb-LOGO-150x150.jpg 150w, https:\/\/westriveracademy.com\/wp-content\/uploads\/2024\/02\/Lainie-Liberti-fb-LOGO-12x12.jpg 12w\" sizes=\"(max-width: 300px) 100vw, 300px\" loading=\"lazy\" \/><\/a>\n\t\t<\/figure>\n\t<\/div>\n<div class=\"vc_empty_space\"   style=\"height: 32px\"><span class=\"vc_empty_space_inner\"><\/span><\/div><h3 style=\"text-align: center\" class=\"vc_custom_heading vc_do_custom_heading\" >Lainie Liberti Facebook Page<\/h3>\n\t<div class=\"wpb_text_column wpb_content_element\" >\n\t\t<div class=\"wpb_wrapper\">\n\t\t\t<p style=\"text-align: center;\">Autora de Bestseller \u2022 Oradora Internacional<br \/>\n\u2022 Educaci\u00f3n Alternativa \u2022 Mentora de Adolescentes \u2022 Madre<br \/>\n\u2022 Defensora de la Educaci\u00f3n Mundial<\/p>\n\n\t\t<\/div>\n\t<\/div>\n<div class=\"vc_empty_space\"   style=\"height: 32px\"><span class=\"vc_empty_space_inner\"><\/span><\/div><\/div><\/div><\/div><\/div><div class=\"vc_row wpb_row vc_row-fluid\"><div class=\"wpb_column vc_column_container vc_col-sm-12\"><div class=\"vc_column-inner\"><div class=\"wpb_wrapper\"><div class=\"vc_empty_space\"   style=\"height: 32px\"><span class=\"vc_empty_space_inner\"><\/span><\/div><\/div><\/div><\/div><\/div>\n<\/div>","protected":false},"excerpt":{"rendered":"Unschooling Mom2Mom This website provides a supportive haven for parents venturing into unschooling. Benefit from group coaching calls, exclusive resources, private Facebook and WhatsApp groups, plus tailored content for navigating the teen years. Worldschooling Quest This community nurtures worldwide education outside conventional classrooms. Embracing diversity, they encourage inclusivity and seek collaborative solutions to real-world challenges, [...]","protected":false},"author":13,"featured_media":0,"parent":0,"menu_order":0,"comment_status":"closed","ping_status":"closed","template":"","meta":{"_acf_changed":false,"footnotes":""},"class_list":["post-52098","page","type-page","status-publish","hentry"],"acf":[],"_links":{"self":[{"href":"https:\/\/westriveracademy.com\/es\/wp-json\/wp\/v2\/pages\/52098","targetHints":{"allow":["GET"]}}],"collection":[{"href":"https:\/\/westriveracademy.com\/es\/wp-json\/wp\/v2\/pages"}],"about":[{"href":"https:\/\/westriveracademy.com\/es\/wp-json\/wp\/v2\/types\/page"}],"author":[{"embeddable":true,"href":"https:\/\/westriveracademy.com\/es\/wp-json\/wp\/v2\/users\/13"}],"replies":[{"embeddable":true,"href":"https:\/\/westriveracademy.com\/es\/wp-json\/wp\/v2\/comments?post=52098"}],"version-history":[{"count":5,"href":"https:\/\/westriveracademy.com\/es\/wp-json\/wp\/v2\/pages\/52098\/revisions"}],"predecessor-version":[{"id":57604,"href":"https:\/\/westriveracademy.com\/es\/wp-json\/wp\/v2\/pages\/52098\/revisions\/57604"}],"wp:attachment":[{"href":"https:\/\/westriveracademy.com\/es\/wp-json\/wp\/v2\/media?parent=52098"}],"curies":[{"name":"wp","href":"https:\/\/api.w.org\/{rel}","templated":true}]}}