{"id":53221,"date":"2024-08-28T17:00:34","date_gmt":"2024-08-29T00:00:34","guid":{"rendered":"\/?page_id=53221"},"modified":"2024-08-28T17:15:03","modified_gmt":"2024-08-29T00:15:03","slug":"resources-interviews","status":"publish","type":"page","link":"https:\/\/westriveracademy.com\/es\/resources-interviews\/","title":{"rendered":"Entrevistas"},"content":{"rendered":"<div class=\"wpb-content-wrapper\"><div class=\"vc_row wpb_row vc_row-fluid vc_column-gap-10 vc_row-o-equal-height vc_row-flex\"><div class=\"wpb_column vc_column_container vc_col-sm-5 vc_col-lg-offset-0 vc_col-lg-4 vc_col-md-offset-0 vc_col-md-4 vc_col-sm-offset-1 vc_col-has-fill\"><div class=\"vc_column-inner vc_custom_1724890459914\"><div class=\"wpb_wrapper\">\n\t<div  class=\"wpb_single_image wpb_content_element vc_align_center wpb_content_element vc_custom_1724075981107\">\n\t\t\n\t\t<figure class=\"wpb_wrapper vc_figure\">\n\t\t\t<a href=\"https:\/\/westriveracademy.com\/es\/sarah-moore-interview\/\" target=\"_blank\" class=\"vc_single_image-wrapper vc_box_rounded  vc_box_border_grey\"><img decoding=\"async\" width=\"1600\" height=\"1082\" src=\"https:\/\/westriveracademy.com\/wp-content\/uploads\/2021\/10\/Dandelion-seeds-interview.jpg\" class=\"vc_single_image-img attachment-full\" alt=\"Dandelion seeds interview\" title=\"Dandelion seeds interview\" srcset=\"https:\/\/westriveracademy.com\/wp-content\/uploads\/2021\/10\/Dandelion-seeds-interview.jpg 1600w, https:\/\/westriveracademy.com\/wp-content\/uploads\/2021\/10\/Dandelion-seeds-interview-300x203.jpg 300w, https:\/\/westriveracademy.com\/wp-content\/uploads\/2021\/10\/Dandelion-seeds-interview-1024x692.jpg 1024w, https:\/\/westriveracademy.com\/wp-content\/uploads\/2021\/10\/Dandelion-seeds-interview-768x519.jpg 768w, https:\/\/westriveracademy.com\/wp-content\/uploads\/2021\/10\/Dandelion-seeds-interview-1536x1039.jpg 1536w, https:\/\/westriveracademy.com\/wp-content\/uploads\/2021\/10\/Dandelion-seeds-interview-18x12.jpg 18w\" sizes=\"(max-width: 1600px) 100vw, 1600px\" loading=\"lazy\" \/><\/a>\n\t\t<\/figure>\n\t<\/div>\n<div class=\"vc_empty_space\"   style=\"height: 32px\"><span class=\"vc_empty_space_inner\"><\/span><\/div><h3 style=\"text-align: center\" class=\"vc_custom_heading vc_do_custom_heading\" >Entrevista con la madre de WRA, Sarah Moore.<\/h3>\n\t<div class=\"wpb_text_column wpb_content_element\" >\n\t\t<div class=\"wpb_wrapper\">\n\t\t\t<p style=\"text-align: center;\"><i>Peggy habla sobre la historia de West River Academy y su filosof\u00eda de educaci\u00f3n y crianza positiva a trav\u00e9s del fomento de la individualidad y el empoderamiento del ni\u00f1o para dirigir su educaci\u00f3n.\u00a0<\/i><\/p>\n\n\t\t<\/div>\n\t<\/div>\n<div class=\"vc_empty_space\"   style=\"height: 32px\"><span class=\"vc_empty_space_inner\"><\/span><\/div><\/div><\/div><\/div><div class=\"wpb_column vc_column_container vc_col-sm-5 vc_col-lg-offset-0 vc_col-lg-4 vc_col-md-offset-0 vc_col-md-4 vc_col-sm-offset-0 vc_col-has-fill\"><div class=\"vc_column-inner vc_custom_1724890469968\"><div class=\"wpb_wrapper\">\n\t<div  class=\"wpb_single_image wpb_content_element vc_align_center wpb_content_element vc_custom_1724076004784\">\n\t\t\n\t\t<figure class=\"wpb_wrapper vc_figure\">\n\t\t\t<a href=\"https:\/\/westriveracademy.com\/es\/kubrio-families-ask-peggy-fascinating-questions\/\" target=\"_blank\" class=\"vc_single_image-wrapper vc_box_rounded  vc_box_border_grey\"><img decoding=\"async\" width=\"1600\" height=\"1082\" src=\"https:\/\/westriveracademy.com\/wp-content\/uploads\/2024\/08\/Interview-with-Kubrio.jpg\" class=\"vc_single_image-img attachment-full\" alt=\"Interview with Kubrio\" title=\"Interview with Kubrio\" srcset=\"https:\/\/westriveracademy.com\/wp-content\/uploads\/2024\/08\/Interview-with-Kubrio.jpg 1600w, https:\/\/westriveracademy.com\/wp-content\/uploads\/2024\/08\/Interview-with-Kubrio-300x203.jpg 300w, https:\/\/westriveracademy.com\/wp-content\/uploads\/2024\/08\/Interview-with-Kubrio-1024x692.jpg 1024w, https:\/\/westriveracademy.com\/wp-content\/uploads\/2024\/08\/Interview-with-Kubrio-768x519.jpg 768w, https:\/\/westriveracademy.com\/wp-content\/uploads\/2024\/08\/Interview-with-Kubrio-1536x1039.jpg 1536w, https:\/\/westriveracademy.com\/wp-content\/uploads\/2024\/08\/Interview-with-Kubrio-18x12.jpg 18w\" sizes=\"(max-width: 1600px) 100vw, 1600px\" loading=\"lazy\" \/><\/a>\n\t\t<\/figure>\n\t<\/div>\n<div class=\"vc_empty_space\"   style=\"height: 32px\"><span class=\"vc_empty_space_inner\"><\/span><\/div><h3 style=\"text-align: center\" class=\"vc_custom_heading vc_do_custom_heading\" >InspirED: Las familias de Kubrio hacen a Peggy preguntas muy interesantes.<\/h3>\n\t<div class=\"wpb_text_column wpb_content_element\" >\n\t\t<div class=\"wpb_wrapper\">\n\t\t\t<p style=\"text-align: center;\"><em>Peggy profundiza en c\u00f3mo las familias pueden adoptar caminos de aprendizaje alternativos mientras aseguran que sus hijos obtengan las credenciales que necesitan para el \u00e9xito futuro.<\/em><\/p>\n\n\t\t<\/div>\n\t<\/div>\n<div class=\"vc_empty_space\"   style=\"height: 32px\"><span class=\"vc_empty_space_inner\"><\/span><\/div><\/div><\/div><\/div><div class=\"wpb_column vc_column_container vc_col-sm-5 vc_col-lg-offset-0 vc_col-lg-4 vc_col-md-offset-0 vc_col-md-4 vc_col-sm-offset-1 vc_col-has-fill\"><div class=\"vc_column-inner vc_custom_1724890477397\"><div class=\"wpb_wrapper\">\n\t<div  class=\"wpb_single_image wpb_content_element vc_align_center wpb_content_element vc_custom_1724076012104\">\n\t\t\n\t\t<figure class=\"wpb_wrapper vc_figure\">\n\t\t\t<a href=\"https:\/\/westriveracademy.com\/es\/worldschoolers-interview\/\" target=\"_blank\" class=\"vc_single_image-wrapper vc_box_rounded  vc_box_border_grey\"><img decoding=\"async\" width=\"1600\" height=\"1082\" src=\"https:\/\/westriveracademy.com\/wp-content\/uploads\/2023\/12\/Lizz-Quain-interview.jpg\" class=\"vc_single_image-img attachment-full\" alt=\"Lizz Quain interview\" title=\"Lizz Quain interview - Worldschooling\" srcset=\"https:\/\/westriveracademy.com\/wp-content\/uploads\/2023\/12\/Lizz-Quain-interview.jpg 1600w, https:\/\/westriveracademy.com\/wp-content\/uploads\/2023\/12\/Lizz-Quain-interview-300x203.jpg 300w, https:\/\/westriveracademy.com\/wp-content\/uploads\/2023\/12\/Lizz-Quain-interview-1024x692.jpg 1024w, https:\/\/westriveracademy.com\/wp-content\/uploads\/2023\/12\/Lizz-Quain-interview-768x519.jpg 768w, https:\/\/westriveracademy.com\/wp-content\/uploads\/2023\/12\/Lizz-Quain-interview-1536x1039.jpg 1536w, https:\/\/westriveracademy.com\/wp-content\/uploads\/2023\/12\/Lizz-Quain-interview-18x12.jpg 18w\" sizes=\"(max-width: 1600px) 100vw, 1600px\" loading=\"lazy\" \/><\/a>\n\t\t<\/figure>\n\t<\/div>\n<div class=\"vc_empty_space\"   style=\"height: 32px\"><span class=\"vc_empty_space_inner\"><\/span><\/div><h3 style=\"text-align: center\" class=\"vc_custom_heading vc_do_custom_heading\" >Peggy Webb de la escuela paraguas West River Academy sobre c\u00f3mo ayudar a los worldschoolers a ingresar a la universidad.<\/h3>\n\t<div class=\"wpb_text_column wpb_content_element\" >\n\t\t<div class=\"wpb_wrapper\">\n\t\t\t<p style=\"text-align: center;\"><em>Peggy comparte c\u00f3mo ayudamos a convertir experiencias de aprendizaje en cursos acreditados, transcripciones y diplomas de secundaria. Esta conversaci\u00f3n es parte de la nueva serie de Lizz Quain que presenta a veteranos del worldschooling, familias y proveedores de servicios en la comunidad.<\/em><\/p>\n\n\t\t<\/div>\n\t<\/div>\n<div class=\"vc_empty_space\"   style=\"height: 32px\"><span class=\"vc_empty_space_inner\"><\/span><\/div><\/div><\/div><\/div><div class=\"wpb_column vc_column_container vc_col-sm-5 vc_col-lg-offset-0 vc_col-lg-4 vc_col-md-offset-0 vc_col-md-4 vc_col-sm-offset-0 vc_col-has-fill\"><div class=\"vc_column-inner vc_custom_1724890485135\"><div class=\"wpb_wrapper\">\n\t<div  class=\"wpb_single_image wpb_content_element vc_align_center wpb_content_element vc_custom_1724076106431\">\n\t\t\n\t\t<figure class=\"wpb_wrapper vc_figure\">\n\t\t\t<a href=\"https:\/\/westriveracademy.com\/es\/homeschool-panel\/\" target=\"_blank\" class=\"vc_single_image-wrapper vc_box_rounded  vc_box_border_grey\"><img decoding=\"async\" width=\"1600\" height=\"1082\" src=\"https:\/\/westriveracademy.com\/wp-content\/uploads\/2021\/10\/Homeschool-experts-interview.jpg\" class=\"vc_single_image-img attachment-full\" alt=\"Homeschool experts interview\" title=\"Homeschool experts interview\" srcset=\"https:\/\/westriveracademy.com\/wp-content\/uploads\/2021\/10\/Homeschool-experts-interview.jpg 1600w, https:\/\/westriveracademy.com\/wp-content\/uploads\/2021\/10\/Homeschool-experts-interview-300x203.jpg 300w, https:\/\/westriveracademy.com\/wp-content\/uploads\/2021\/10\/Homeschool-experts-interview-1024x692.jpg 1024w, https:\/\/westriveracademy.com\/wp-content\/uploads\/2021\/10\/Homeschool-experts-interview-768x519.jpg 768w, https:\/\/westriveracademy.com\/wp-content\/uploads\/2021\/10\/Homeschool-experts-interview-1536x1039.jpg 1536w, https:\/\/westriveracademy.com\/wp-content\/uploads\/2021\/10\/Homeschool-experts-interview-18x12.jpg 18w\" sizes=\"(max-width: 1600px) 100vw, 1600px\" loading=\"lazy\" \/><\/a>\n\t\t<\/figure>\n\t<\/div>\n<div class=\"vc_empty_space\"   style=\"height: 32px\"><span class=\"vc_empty_space_inner\"><\/span><\/div><h3 style=\"text-align: center\" class=\"vc_custom_heading vc_do_custom_heading\" >Panel de expertos en educaci\u00f3n en el hogar<\/h3>\n\t<div class=\"wpb_text_column wpb_content_element\" >\n\t\t<div class=\"wpb_wrapper\">\n\t\t\t<p style=\"text-align: center;\"><i>Conozca c\u00f3mo funcionan los Programas Satelitales Privados (PSP) de California.\u00a0<\/i><\/p>\n\n\t\t<\/div>\n\t<\/div>\n<div class=\"vc_empty_space\"   style=\"height: 32px\"><span class=\"vc_empty_space_inner\"><\/span><\/div><\/div><\/div><\/div><div class=\"wpb_column vc_column_container vc_col-sm-5 vc_col-lg-offset-0 vc_col-lg-4 vc_col-md-offset-0 vc_col-md-4 vc_col-sm-offset-1 vc_col-has-fill\"><div class=\"vc_column-inner vc_custom_1724890492234\"><div class=\"wpb_wrapper\">\n\t<div  class=\"wpb_single_image wpb_content_element vc_align_center wpb_content_element vc_custom_1724076112130\">\n\t\t\n\t\t<figure class=\"wpb_wrapper vc_figure\">\n\t\t\t<a href=\"https:\/\/westriveracademy.com\/es\/interview-on-wild-life-alexandra-kons\/\" target=\"_blank\" class=\"vc_single_image-wrapper vc_box_rounded  vc_box_border_grey\"><img decoding=\"async\" width=\"1600\" height=\"1082\" src=\"https:\/\/westriveracademy.com\/wp-content\/uploads\/2024\/02\/Alex-Ko-Interview.jpg\" class=\"vc_single_image-img attachment-full\" alt=\"Alexandra Kons\" title=\"Alex Ko Interview\" srcset=\"https:\/\/westriveracademy.com\/wp-content\/uploads\/2024\/02\/Alex-Ko-Interview.jpg 1600w, https:\/\/westriveracademy.com\/wp-content\/uploads\/2024\/02\/Alex-Ko-Interview-300x203.jpg 300w, https:\/\/westriveracademy.com\/wp-content\/uploads\/2024\/02\/Alex-Ko-Interview-1024x692.jpg 1024w, https:\/\/westriveracademy.com\/wp-content\/uploads\/2024\/02\/Alex-Ko-Interview-768x519.jpg 768w, https:\/\/westriveracademy.com\/wp-content\/uploads\/2024\/02\/Alex-Ko-Interview-1536x1039.jpg 1536w, https:\/\/westriveracademy.com\/wp-content\/uploads\/2024\/02\/Alex-Ko-Interview-18x12.jpg 18w\" sizes=\"(max-width: 1600px) 100vw, 1600px\" loading=\"lazy\" \/><\/a>\n\t\t<\/figure>\n\t<\/div>\n<div class=\"vc_empty_space\"   style=\"height: 32px\"><span class=\"vc_empty_space_inner\"><\/span><\/div><h3 style=\"text-align: center\" class=\"vc_custom_heading vc_do_custom_heading\" >Entrevista en Wild Life \u2013 The Unschooling Podcast (Alexandra Kons)<\/h3>\n\t<div class=\"wpb_text_column wpb_content_element\" >\n\t\t<div class=\"wpb_wrapper\">\n\t\t\t<p style=\"text-align: center;\"><em>Escucha una entrevista fascinante con\u00a0<b>Alexandra Kons\u00a0<\/b>y Peggy en\u00a0<a href=\"https:\/\/podcasters.spotify.com\/pod\/show\/wildlifeunschooling\/episodes\/Live-Free---wPeggy-Webb-e2e5s3o\/a-aaqptif\" target=\"_blank\" rel=\"noopener\">the Wild Life Unschooling Podcast.<\/a>\u00a0Si eres nuevo en el unschooling, necesitas escuchar esto; si llevas haci\u00e9ndolo un tiempo, esto ser\u00e1 la actualizaci\u00f3n que necesitas.<\/em><\/p>\n\n\t\t<\/div>\n\t<\/div>\n<div class=\"vc_empty_space\"   style=\"height: 32px\"><span class=\"vc_empty_space_inner\"><\/span><\/div><\/div><\/div><\/div><div class=\"wpb_column vc_column_container vc_col-sm-5 vc_col-lg-offset-0 vc_col-lg-4 vc_col-md-offset-0 vc_col-md-4 vc_col-sm-offset-0 vc_col-has-fill\"><div class=\"vc_column-inner vc_custom_1724890499551\"><div class=\"wpb_wrapper\">\n\t<div  class=\"wpb_single_image wpb_content_element vc_align_center wpb_content_element vc_custom_1724076117268\">\n\t\t\n\t\t<figure class=\"wpb_wrapper vc_figure\">\n\t\t\t<a href=\"https:\/\/westriveracademy.com\/es\/anastasia-tegheni\/\" target=\"_blank\" class=\"vc_single_image-wrapper vc_box_rounded  vc_box_border_grey\"><img decoding=\"async\" width=\"1600\" height=\"1082\" src=\"https:\/\/westriveracademy.com\/wp-content\/uploads\/2024\/02\/Anastasia-Tegheni-1.jpg\" class=\"vc_single_image-img attachment-full\" alt=\"Anastasia\u00a0Tegheni interview\" title=\"Anastasia\u00a0Tegheni 1\" srcset=\"https:\/\/westriveracademy.com\/wp-content\/uploads\/2024\/02\/Anastasia-Tegheni-1.jpg 1600w, https:\/\/westriveracademy.com\/wp-content\/uploads\/2024\/02\/Anastasia-Tegheni-1-300x203.jpg 300w, https:\/\/westriveracademy.com\/wp-content\/uploads\/2024\/02\/Anastasia-Tegheni-1-1024x692.jpg 1024w, https:\/\/westriveracademy.com\/wp-content\/uploads\/2024\/02\/Anastasia-Tegheni-1-768x519.jpg 768w, https:\/\/westriveracademy.com\/wp-content\/uploads\/2024\/02\/Anastasia-Tegheni-1-1536x1039.jpg 1536w, https:\/\/westriveracademy.com\/wp-content\/uploads\/2024\/02\/Anastasia-Tegheni-1-18x12.jpg 18w\" sizes=\"(max-width: 1600px) 100vw, 1600px\" loading=\"lazy\" \/><\/a>\n\t\t<\/figure>\n\t<\/div>\n<div class=\"vc_empty_space\"   style=\"height: 32px\"><span class=\"vc_empty_space_inner\"><\/span><\/div><h3 style=\"text-align: center\" class=\"vc_custom_heading vc_do_custom_heading\" >Conoce a Anastasia Tegheni, Estudiante de Toda la Vida en WRA<\/h3>\n\t<div class=\"wpb_text_column wpb_content_element\" >\n\t\t<div class=\"wpb_wrapper\">\n\t\t\t<p style=\"text-align: center;\">\u201c<em>Tuvimos la libertad de expresarnos a trav\u00e9s del arte, la poes\u00eda, la ciencia, la m\u00fasica y, sobre todo, simplemente estando en la naturaleza.<\/em>\u201d \u2013 Anastasia Tegheni<\/p>\n\n\t\t<\/div>\n\t<\/div>\n<div class=\"vc_empty_space\"   style=\"height: 32px\"><span class=\"vc_empty_space_inner\"><\/span><\/div><\/div><\/div><\/div><\/div><div class=\"vc_row wpb_row vc_row-fluid\"><div class=\"wpb_column vc_column_container vc_col-sm-12\"><div class=\"vc_column-inner\"><div class=\"wpb_wrapper\"><div class=\"vc_empty_space\"   style=\"height: 32px\"><span class=\"vc_empty_space_inner\"><\/span><\/div><\/div><\/div><\/div><\/div>\n<\/div>","protected":false},"excerpt":{"rendered":"Interview with WRA mom, Sarah Moore. Peggy discusses the history of West River Academy, and her philosophy of education and positive parenting through encouraging individuality and empowering the child to direct their education.\u00a0 InspirED: Kubrio families ask Peggy very good questions Peggy dives deep into how families can embrace alternative learning paths while ensuring their [...]","protected":false},"author":13,"featured_media":0,"parent":0,"menu_order":0,"comment_status":"closed","ping_status":"closed","template":"","meta":{"_acf_changed":false,"footnotes":""},"class_list":["post-53221","page","type-page","status-publish","hentry"],"acf":[],"_links":{"self":[{"href":"https:\/\/westriveracademy.com\/es\/wp-json\/wp\/v2\/pages\/53221","targetHints":{"allow":["GET"]}}],"collection":[{"href":"https:\/\/westriveracademy.com\/es\/wp-json\/wp\/v2\/pages"}],"about":[{"href":"https:\/\/westriveracademy.com\/es\/wp-json\/wp\/v2\/types\/page"}],"author":[{"embeddable":true,"href":"https:\/\/westriveracademy.com\/es\/wp-json\/wp\/v2\/users\/13"}],"replies":[{"embeddable":true,"href":"https:\/\/westriveracademy.com\/es\/wp-json\/wp\/v2\/comments?post=53221"}],"version-history":[{"count":5,"href":"https:\/\/westriveracademy.com\/es\/wp-json\/wp\/v2\/pages\/53221\/revisions"}],"predecessor-version":[{"id":53229,"href":"https:\/\/westriveracademy.com\/es\/wp-json\/wp\/v2\/pages\/53221\/revisions\/53229"}],"wp:attachment":[{"href":"https:\/\/westriveracademy.com\/es\/wp-json\/wp\/v2\/media?parent=53221"}],"curies":[{"name":"wp","href":"https:\/\/api.w.org\/{rel}","templated":true}]}}