{"id":55019,"date":"2024-10-31T07:42:34","date_gmt":"2024-10-31T14:42:34","guid":{"rendered":"\/?page_id=55019"},"modified":"2025-11-04T16:34:14","modified_gmt":"2025-11-05T00:34:14","slug":"schedule-a-call","status":"publish","type":"page","link":"https:\/\/westriveracademy.com\/es\/schedule-a-call\/","title":{"rendered":"programar una llamada"},"content":{"rendered":"<div class=\"wpb-content-wrapper\"><div class=\"vc_row wpb_row vc_row-fluid\"><div class=\"wpb_column vc_column_container vc_col-sm-12\"><div class=\"vc_column-inner\"><div class=\"wpb_wrapper\">\n\t<div class=\"wpb_text_column wpb_content_element global-ptxt subgreytxt\" >\n\t\t<div class=\"wpb_wrapper\">\n\t\t\t<h4 style=\"text-align: center;\">\u00a1Bienvenidos a nuestra p\u00e1gina de citas! Estamos encantados de conectar contigo.<\/h4>\n<p style=\"text-align: center;\">Ya sea que hables ingl\u00e9s o espa\u00f1ol, estamos aqu\u00ed para ayudarte.<\/p>\n<p style=\"text-align: center;\">Para garantizar la mejor experiencia, elige la opci\u00f3n de idioma que prefieras.<\/p>\n\n\t\t<\/div>\n\t<\/div>\n<\/div><\/div><\/div><\/div><div class=\"vc_row wpb_row vc_row-fluid\"><div class=\"wpb_column vc_column_container vc_col-sm-12\"><div class=\"vc_column-inner\"><div class=\"wpb_wrapper\">\n\t<div class=\"wpb_text_column wpb_content_element global-ptxt subgreytxt\" >\n\t\t<div class=\"wpb_wrapper\">\n\t\t\t<h4 style=\"text-align: center;\">\u00a1Esperamos hablar contigo pronto!<\/h4>\n\n\t\t<\/div>\n\t<\/div>\n<div class=\"vc_empty_space\"   style=\"height: 32px\"><span class=\"vc_empty_space_inner\"><\/span><\/div><\/div><\/div><\/div><\/div><section class=\"vc_section\"><div class=\"vc_row wpb_row vc_row-fluid\"><div class=\"wpb_column vc_column_container vc_col-sm-12\"><div class=\"vc_column-inner\"><div class=\"wpb_wrapper\"><div class=\"vc_tta-container\" data-vc-action=\"collapse\"><div class=\"vc_general vc_tta vc_tta-tabs vc_tta-color-grey vc_tta-style-modern vc_tta-shape-rounded vc_tta-spacing-5 vc_tta-gap-1 vc_tta-tabs-position-top vc_tta-controls-align-center\"><div class=\"vc_tta-tabs-container\"><ul class=\"vc_tta-tabs-list\" role=\"tablist\"><li class=\"vc_tta-tab\" data-vc-tab role=\"presentation\"><a href=\"#english\" data-vc-tabs data-vc-container=\".vc_tta\" role=\"tab\" aria-selected=\"false\" id=\"tab-english\"><span class=\"vc_tta-title-text\">INGL\u00c9S<\/span><\/a><\/li><li class=\"vc_tta-tab\" data-vc-tab role=\"presentation\"><a href=\"#spanish\" data-vc-tabs data-vc-container=\".vc_tta\" role=\"tab\" aria-selected=\"false\" id=\"tab-spanish\"><span class=\"vc_tta-title-text\">ESPA\u00d1OL<\/span><\/a><\/li><li class=\"vc_tta-tab\" data-vc-tab role=\"presentation\"><a href=\"#graduation\" data-vc-tabs data-vc-container=\".vc_tta\" role=\"tab\" aria-selected=\"false\" id=\"tab-graduation\"><span class=\"vc_tta-title-text\">GRADUATION<\/span><\/a><\/li><\/ul><\/div><div class=\"vc_tta-panels-container\"><div class=\"vc_tta-panels\"><div class=\"vc_tta-panel\" id=\"english\" data-vc-content=\".vc_tta-panel-body\"><div class=\"vc_tta-panel-heading\"><h2 class=\"vc_tta-panel-title\"><a href=\"#english\" data-vc-accordion data-vc-container=\".vc_tta-container\"><span class=\"vc_tta-title-text\">INGL\u00c9S<\/span><\/a><\/h2><\/div><div class=\"vc_tta-panel-body\"><div class=\"vc_row wpb_row vc_inner vc_row-fluid\"><div class=\"wpb_column vc_column_container vc_col-sm-4\"><div class=\"vc_column-inner\"><div class=\"wpb_wrapper\"><\/div><\/div><\/div><div class=\"wpb_column vc_column_container vc_col-sm-4\"><div class=\"vc_column-inner\"><div class=\"wpb_wrapper\">\n\t<div  class=\"wpb_single_image wpb_content_element vc_align_center wpb_content_element vc_custom_1731440037808\">\n\t\t\n\t\t<figure class=\"wpb_wrapper vc_figure\">\n\t\t\t<div class=\"vc_single_image-wrapper vc_box_circle  vc_box_border_grey\"><img decoding=\"async\" width=\"300\" height=\"300\" src=\"https:\/\/westriveracademy.com\/wp-content\/uploads\/2024\/10\/Karen-booking-1-300x300.jpg\" class=\"vc_single_image-img attachment-medium\" alt=\"Karen booking\" title=\"Karen booking\" srcset=\"https:\/\/westriveracademy.com\/wp-content\/uploads\/2024\/10\/Karen-booking-1-300x300.jpg 300w, https:\/\/westriveracademy.com\/wp-content\/uploads\/2024\/10\/Karen-booking-1-150x150.jpg 150w, https:\/\/westriveracademy.com\/wp-content\/uploads\/2024\/10\/Karen-booking-1-12x12.jpg 12w, https:\/\/westriveracademy.com\/wp-content\/uploads\/2024\/10\/Karen-booking-1-200x199.jpg 200w, https:\/\/westriveracademy.com\/wp-content\/uploads\/2024\/10\/Karen-booking-1.jpg 602w\" sizes=\"(max-width: 300px) 100vw, 300px\" loading=\"lazy\" \/><\/div>\n\t\t<\/figure>\n\t<\/div>\n<h3 style=\"text-align: center\" class=\"vc_custom_heading vc_do_custom_heading vc_custom_1731497553479\" >Karen Abe<\/h3>\n\t<div class=\"wpb_text_column wpb_content_element\" >\n\t\t<div class=\"wpb_wrapper\">\n\t\t\t<p style=\"text-align: center;\">Educational Advisor for English speakers<\/p>\n\n\t\t<\/div>\n\t<\/div>\n<div class=\"vc_empty_space\"   style=\"height: 18px\"><span class=\"vc_empty_space_inner\"><\/span><\/div><\/div><\/div><\/div><div class=\"wpb_column vc_column_container vc_col-sm-4\"><div class=\"vc_column-inner\"><div class=\"wpb_wrapper\"><\/div><\/div><\/div><\/div><div class=\"vc_row wpb_row vc_inner vc_row-fluid\"><div class=\"wpb_column vc_column_container vc_col-sm-4\"><div class=\"vc_column-inner\"><div class=\"wpb_wrapper\"><section class=\"vc_cta3-container\"><div class=\"vc_general vc_do_cta3 vc_cta3 vc_cta3-style-classic vc_cta3-shape-rounded vc_cta3-align-left vc_cta3-color-classic vc_cta3-icon-size-md vc_cta3-actions-bottom\"><div class=\"vc_cta3_content-container\"><div class=\"vc_cta3-content\"><header class=\"vc_cta3-content-header\"><h2>Consulta introductoria GRATUITA de 15 minutos<\/h2><h2 style=\"color: #5DB5CE;text-align: left\" class=\"vc_custom_heading vc_do_custom_heading\" >Ingl\u00e9s<\/h2><\/header><p style=\"text-align: center;\">Agenda una consulta gratuita de 15 minutos para conocer nuestro funcionamiento y determinar si West River Academy es adecuada para su familia.<\/p>\n<p style=\"text-align: center;\"><strong>LLAMADA DE CORTES\u00cdA POR UNA SOLA VEZ<\/strong><\/p>\n<\/div><div class=\"vc_cta3-actions\"><div class=\"vc_btn3-container vc_btn3-center vc_do_btn\" ><a class=\"vc_general vc_btn3 vc_btn3-size-md vc_btn3-shape-rounded vc_btn3-style-modern vc_btn3-block vc_btn3-color-peacoc\" href=\"https:\/\/calendly.com\/karenabe\/15-minute\" title=\"\" target=\"_blank\">Agenda 15 minutos con Karen.<\/a><\/div><\/div><\/div><\/div><\/section><\/div><\/div><\/div><div class=\"wpb_column vc_column_container vc_col-sm-4\"><div class=\"vc_column-inner\"><div class=\"wpb_wrapper\"><section class=\"vc_cta3-container\"><div class=\"vc_general vc_do_cta3 vc_cta3 vc_cta3-style-classic vc_cta3-shape-rounded vc_cta3-align-left vc_cta3-color-classic vc_cta3-icon-size-md vc_cta3-actions-bottom\"><div class=\"vc_cta3_content-container\"><div class=\"vc_cta3-content\"><header class=\"vc_cta3-content-header\"><h2>Consulta PERSONAL de 30 minutos<\/h2><h2 style=\"color: #5DB5CE;text-align: left\" class=\"vc_custom_heading vc_do_custom_heading\" >Ingl\u00e9s<\/h2><\/header><p style=\"text-align: center;\">Puedes programar una consulta paga de 30 minutos si deseas hablar sobre tu situaci\u00f3n educativa espec\u00edfica, c\u00f3mo resolverla y c\u00f3mo avanzar.<\/p>\n<p style=\"text-align: center;\"><strong>Costo: 60 USD<\/strong><\/p>\n<\/div><div class=\"vc_cta3-actions\"><div class=\"vc_btn3-container vc_btn3-center vc_do_btn\" ><a class=\"vc_general vc_btn3 vc_btn3-size-md vc_btn3-shape-rounded vc_btn3-style-modern vc_btn3-block vc_btn3-color-peacoc\" href=\"https:\/\/calendly.com\/karenabe\/personal-30-min-consultation\" title=\"\" target=\"_blank\">Agenda 30 minutos con Karen.<\/a><\/div><\/div><\/div><\/div><\/section><\/div><\/div><\/div><div class=\"wpb_column vc_column_container vc_col-sm-4\"><div class=\"vc_column-inner\"><div class=\"wpb_wrapper\"><section class=\"vc_cta3-container\"><div class=\"vc_general vc_do_cta3 vc_cta3 vc_cta3-style-classic vc_cta3-shape-rounded vc_cta3-align-left vc_cta3-color-classic vc_cta3-icon-size-md vc_cta3-actions-bottom\"><div class=\"vc_cta3_content-container\"><div class=\"vc_cta3-content\"><header class=\"vc_cta3-content-header\"><h2>Consulta PERSONAL de 1 hora<\/h2><h2 style=\"color: #5DB5CE;text-align: left\" class=\"vc_custom_heading vc_do_custom_heading\" >Ingl\u00e9s<\/h2><\/header><p style=\"text-align: center;\">Puedes programar una consulta paga de una hora si deseas hablar sobre tu situaci\u00f3n educativa espec\u00edfica, c\u00f3mo resolverla y c\u00f3mo avanzar.<\/p>\n<p style=\"text-align: center;\"><strong>Costo: 120 USD<\/strong><\/p>\n<\/div><div class=\"vc_cta3-actions\"><div class=\"vc_btn3-container vc_btn3-center vc_do_btn\" ><a class=\"vc_general vc_btn3 vc_btn3-size-md vc_btn3-shape-rounded vc_btn3-style-modern vc_btn3-block vc_btn3-color-peacoc\" href=\"https:\/\/calendly.com\/karenabe\/1-hour-consult\" title=\"\" target=\"_blank\">Agenda 1 hora con Karen.<\/a><\/div><\/div><\/div><\/div><\/section><\/div><\/div><\/div><\/div><\/div><\/div><div class=\"vc_tta-panel\" id=\"spanish\" data-vc-content=\".vc_tta-panel-body\"><div class=\"vc_tta-panel-heading\"><h2 class=\"vc_tta-panel-title\"><a href=\"#spanish\" data-vc-accordion data-vc-container=\".vc_tta-container\"><span class=\"vc_tta-title-text\">ESPA\u00d1OL<\/span><\/a><\/h2><\/div><div class=\"vc_tta-panel-body\"><div class=\"vc_row wpb_row vc_inner vc_row-fluid\"><div class=\"wpb_column vc_column_container vc_col-sm-4\"><div class=\"vc_column-inner\"><div class=\"wpb_wrapper\"><\/div><\/div><\/div><div class=\"wpb_column vc_column_container vc_col-sm-4\"><div class=\"vc_column-inner\"><div class=\"wpb_wrapper\">\n\t<div  class=\"wpb_single_image wpb_content_element vc_align_center wpb_content_element vc_custom_1731440055402\">\n\t\t\n\t\t<figure class=\"wpb_wrapper vc_figure\">\n\t\t\t<div class=\"vc_single_image-wrapper vc_box_circle  vc_box_border_grey\"><img decoding=\"async\" width=\"300\" height=\"300\" src=\"https:\/\/westriveracademy.com\/wp-content\/uploads\/2024\/10\/Monica-booking-300x300.jpg\" class=\"vc_single_image-img attachment-medium\" alt=\"Monica Oliveros\" title=\"Content Assistant and Education Advisor for Spanish speakers\" srcset=\"https:\/\/westriveracademy.com\/wp-content\/uploads\/2024\/10\/Monica-booking-300x300.jpg 300w, https:\/\/westriveracademy.com\/wp-content\/uploads\/2024\/10\/Monica-booking-150x150.jpg 150w, https:\/\/westriveracademy.com\/wp-content\/uploads\/2024\/10\/Monica-booking-12x12.jpg 12w, https:\/\/westriveracademy.com\/wp-content\/uploads\/2024\/10\/Monica-booking-200x199.jpg 200w, https:\/\/westriveracademy.com\/wp-content\/uploads\/2024\/10\/Monica-booking.jpg 602w\" sizes=\"(max-width: 300px) 100vw, 300px\" loading=\"lazy\" \/><\/div>\n\t\t<\/figure>\n\t<\/div>\n<h3 style=\"text-align: center\" class=\"vc_custom_heading vc_do_custom_heading vc_custom_1731497886735\" >M\u00f3nica Oliveros<\/h3>\n\t<div class=\"wpb_text_column wpb_content_element\" >\n\t\t<div class=\"wpb_wrapper\">\n\t\t\t<p style=\"text-align: center;\">Asesora Educativa para Hispanohablantes<\/p>\n\n\t\t<\/div>\n\t<\/div>\n<div class=\"vc_empty_space\"   style=\"height: 18px\"><span class=\"vc_empty_space_inner\"><\/span><\/div><\/div><\/div><\/div><div class=\"wpb_column vc_column_container vc_col-sm-4\"><div class=\"vc_column-inner\"><div class=\"wpb_wrapper\"><\/div><\/div><\/div><\/div><div class=\"vc_row wpb_row vc_inner vc_row-fluid\"><div class=\"wpb_column vc_column_container vc_col-sm-4\"><div class=\"vc_column-inner\"><div class=\"wpb_wrapper\"><section class=\"vc_cta3-container\"><div class=\"vc_general vc_do_cta3 vc_cta3 vc_cta3-style-classic vc_cta3-shape-rounded vc_cta3-align-left vc_cta3-color-classic vc_cta3-icon-size-md vc_cta3-actions-bottom\"><div class=\"vc_cta3_content-container\"><div class=\"vc_cta3-content\"><header class=\"vc_cta3-content-header\"><h2>Consulta introductoria GRATUITA de 15 minutos<\/h2><h2 style=\"color: #5DB5CE;text-align: left\" class=\"vc_custom_heading vc_do_custom_heading\" >Espa\u00f1ol<\/h2><\/header><p style=\"text-align: center;\">Agenda una consulta gratuita de 15 minutos para conocer nuestro funcionamiento y determinar si West River Academy es adecuada para su familia.<\/p>\n<p style=\"text-align: center;\"><strong>LLAMADA DE CORTES\u00cdA POR UNA SOLA VEZ<\/strong><\/p>\n<\/div><div class=\"vc_cta3-actions\"><div class=\"vc_btn3-container vc_btn3-center vc_do_btn\" ><a class=\"vc_general vc_btn3 vc_btn3-size-md vc_btn3-shape-rounded vc_btn3-style-modern vc_btn3-block vc_btn3-color-peacoc\" href=\"https:\/\/calendly.com\/wra-spanish\/consulta-introductoria-gratuita-de-15-minutos\" title=\"\" target=\"_blank\">Agenda 15 minutos con M\u00f3nica.<\/a><\/div><\/div><\/div><\/div><\/section><\/div><\/div><\/div><div class=\"wpb_column vc_column_container vc_col-sm-4\"><div class=\"vc_column-inner\"><div class=\"wpb_wrapper\"><section class=\"vc_cta3-container\"><div class=\"vc_general vc_do_cta3 vc_cta3 vc_cta3-style-classic vc_cta3-shape-rounded vc_cta3-align-left vc_cta3-color-classic vc_cta3-icon-size-md vc_cta3-actions-bottom\"><div class=\"vc_cta3_content-container\"><div class=\"vc_cta3-content\"><header class=\"vc_cta3-content-header\"><h2>Consulta PERSONAL de 30 minutos<\/h2><h2 style=\"color: #5DB5CE;text-align: left\" class=\"vc_custom_heading vc_do_custom_heading\" >Espa\u00f1ol<\/h2><\/header><p style=\"text-align: center;\">Puedes programar una consulta paga de 30 minutos si deseas hablar sobre tu situaci\u00f3n educativa espec\u00edfica, c\u00f3mo resolverla y c\u00f3mo avanzar.<\/p>\n<p style=\"text-align: center;\"><strong>Costo: 60 USD<\/strong><\/p>\n<\/div><div class=\"vc_cta3-actions\"><div class=\"vc_btn3-container vc_btn3-center vc_do_btn\" ><a class=\"vc_general vc_btn3 vc_btn3-size-md vc_btn3-shape-rounded vc_btn3-style-modern vc_btn3-block vc_btn3-color-peacoc\" href=\"https:\/\/calendly.com\/wra-spanish\/consulta-personal-de-30-minutos\" title=\"\" target=\"_blank\">Agenda 30 minutos con M\u00f3nica.<\/a><\/div><\/div><\/div><\/div><\/section><\/div><\/div><\/div><div class=\"wpb_column vc_column_container vc_col-sm-4\"><div class=\"vc_column-inner\"><div class=\"wpb_wrapper\"><section class=\"vc_cta3-container\"><div class=\"vc_general vc_do_cta3 vc_cta3 vc_cta3-style-classic vc_cta3-shape-rounded vc_cta3-align-left vc_cta3-color-classic vc_cta3-icon-size-md vc_cta3-actions-bottom\"><div class=\"vc_cta3_content-container\"><div class=\"vc_cta3-content\"><header class=\"vc_cta3-content-header\"><h2>Consulta PERSONAL de 1 hora<\/h2><h2 style=\"color: #5DB5CE;text-align: left\" class=\"vc_custom_heading vc_do_custom_heading\" >Espa\u00f1ol<\/h2><\/header><p style=\"text-align: center;\">Puedes programar una consulta paga de una hora si deseas hablar sobre tu situaci\u00f3n educativa espec\u00edfica, c\u00f3mo resolverla y c\u00f3mo avanzar.<\/p>\n<p style=\"text-align: center;\"><strong>Costo: 120 USD<\/strong><\/p>\n<\/div><div class=\"vc_cta3-actions\"><div class=\"vc_btn3-container vc_btn3-center vc_do_btn\" ><a class=\"vc_general vc_btn3 vc_btn3-size-md vc_btn3-shape-rounded vc_btn3-style-modern vc_btn3-block vc_btn3-color-peacoc\" href=\"https:\/\/calendly.com\/wra-spanish\/60min\" title=\"\" target=\"_blank\">Agenda 1 hora con M\u00f3nica.<\/a><\/div><\/div><\/div><\/div><\/section><\/div><\/div><\/div><\/div><\/div><\/div><div class=\"vc_tta-panel\" id=\"graduation\" data-vc-content=\".vc_tta-panel-body\"><div class=\"vc_tta-panel-heading\"><h2 class=\"vc_tta-panel-title\"><a href=\"#graduation\" data-vc-accordion data-vc-container=\".vc_tta-container\"><span class=\"vc_tta-title-text\">GRADUATION<\/span><\/a><\/h2><\/div><div class=\"vc_tta-panel-body\"><div class=\"vc_row wpb_row vc_inner vc_row-fluid\"><div class=\"wpb_column vc_column_container vc_col-sm-6\"><div class=\"vc_column-inner\"><div class=\"wpb_wrapper\">\n\t<div  class=\"wpb_single_image wpb_content_element vc_align_center wpb_content_element vc_custom_1753195966465\">\n\t\t\n\t\t<figure class=\"wpb_wrapper vc_figure\">\n\t\t\t<div class=\"vc_single_image-wrapper vc_box_circle  vc_box_border_grey\"><img decoding=\"async\" width=\"300\" height=\"300\" src=\"https:\/\/westriveracademy.com\/wp-content\/uploads\/2025\/07\/Rachel-300x300.jpg\" class=\"vc_single_image-img attachment-medium\" alt=\"Rachel\" title=\"Rachel\" srcset=\"https:\/\/westriveracademy.com\/wp-content\/uploads\/2025\/07\/Rachel-300x300.jpg 300w, https:\/\/westriveracademy.com\/wp-content\/uploads\/2025\/07\/Rachel-150x150.jpg 150w, https:\/\/westriveracademy.com\/wp-content\/uploads\/2025\/07\/Rachel-12x12.jpg 12w, https:\/\/westriveracademy.com\/wp-content\/uploads\/2025\/07\/Rachel.jpg 602w\" sizes=\"(max-width: 300px) 100vw, 300px\" loading=\"lazy\" \/><\/div>\n\t\t<\/figure>\n\t<\/div>\n<h3 style=\"text-align: center\" class=\"vc_custom_heading vc_do_custom_heading\" >Rachel Nishikawa<\/h3>\n\t<div class=\"wpb_text_column wpb_content_element\" >\n\t\t<div class=\"wpb_wrapper\">\n\t\t\t<p style=\"text-align: center;\">Directora Creativa y Coordinadora del Programa de Graduaci\u00f3n<\/p>\n\n\t\t<\/div>\n\t<\/div>\n<div class=\"vc_empty_space\"   style=\"height: 18px\"><span class=\"vc_empty_space_inner\"><\/span><\/div><\/div><\/div><\/div><div class=\"wpb_column vc_column_container vc_col-sm-6\"><div class=\"vc_column-inner\"><div class=\"wpb_wrapper\"><section class=\"vc_cta3-container\"><div class=\"vc_general vc_do_cta3 vc_cta3 vc_cta3-style-classic vc_cta3-shape-rounded vc_cta3-align-left vc_cta3-color-classic vc_cta3-icon-size-md vc_cta3-actions-bottom\"><div class=\"vc_cta3_content-container\"><div class=\"vc_cta3-content\"><header class=\"vc_cta3-content-header\"><h2>Consulta de 1 hora sobre GRADUACI\u00d3N<\/h2><h2 style=\"color: #5DB5CE;text-align: left\" class=\"vc_custom_heading vc_do_custom_heading\" >Ingl\u00e9s<\/h2><\/header><p style=\"text-align: center;\">Habla con Rachel sobre los planes de graduaci\u00f3n, ideas de proyectos y el expediente acad\u00e9mico final.<\/p>\n<p style=\"text-align: center;\"><strong>Costo: 120 USD<\/strong><\/p>\n<\/div><div class=\"vc_cta3-actions\"><div class=\"vc_btn3-container vc_btn3-center vc_do_btn\" ><a class=\"vc_general vc_btn3 vc_btn3-size-md vc_btn3-shape-rounded vc_btn3-style-modern vc_btn3-block vc_btn3-color-peacoc\" href=\"https:\/\/calendly.com\/wra-rachel\/graduation\" title=\"\" target=\"_blank\">Agenda 1 hora con Rachel.<\/a><\/div><\/div><\/div><\/div><\/section><\/div><\/div><\/div><\/div><\/div><\/div><\/div><\/div><\/div><\/div><\/div><\/div><\/div><\/div><\/section><div class=\"vc_row wpb_row vc_row-fluid\"><div class=\"wpb_column vc_column_container vc_col-sm-12\"><div class=\"vc_column-inner\"><div class=\"wpb_wrapper\"><section class=\"vc_cta3-container\"><div class=\"vc_general vc_do_cta3 vc_cta3 vc_cta3-style-flat vc_cta3-shape-rounded vc_cta3-align-left vc_cta3-color-grey vc_cta3-icon-size-lg vc_cta3-icons-left\"><div class=\"vc_cta3-icons\"><div class=\"vc_icon_element vc_icon_element-outer vc_do_icon vc_icon_element-align-left\"><div class=\"vc_icon_element-inner vc_icon_element-color-peacoc vc_icon_element-size-lg vc_icon_element-style- vc_icon_element-background-color-grey\" ><span class=\"vc_icon_element-icon fas fa-exclamation-circle\" ><\/span><\/div><\/div><\/div><div class=\"vc_cta3_content-container\"><div class=\"vc_cta3-content\"><header class=\"vc_cta3-content-header\"><h2>AVISO IMPORTANTE<\/h2><h4>Reservas con Anticipaci\u00f3n<\/h4><\/header><p><span style=\"color: #000000;\">Las reservas solo se pueden hacer hasta cuatro horas antes. Aseg\u00farate de planificar con anticipaci\u00f3n para asegurar el horario que prefieras.<\/span><\/p>\n<\/div><\/div><\/div><\/section><\/div><\/div><\/div><\/div><div class=\"vc_row wpb_row vc_row-fluid\"><div class=\"wpb_column vc_column_container vc_col-sm-12\"><div class=\"vc_column-inner\"><div class=\"wpb_wrapper\"><div class=\"vc_empty_space\"   style=\"height: 32px\"><span class=\"vc_empty_space_inner\"><\/span><\/div><div class=\"vc_separator wpb_content_element vc_separator_align_center vc_sep_width_100 vc_sep_border_width_5 vc_sep_pos_align_center vc_sep_color_grey wpb_content_element vc_separator-has-text\" ><span class=\"vc_sep_holder vc_sep_holder_l\"><span class=\"vc_sep_line\"><\/span><\/span><h4>Politica de reembolso<\/h4><span class=\"vc_sep_holder vc_sep_holder_r\"><span class=\"vc_sep_line\"><\/span><\/span>\n<\/div>\n\t<div class=\"wpb_text_column wpb_content_element\" >\n\t\t<div class=\"wpb_wrapper\">\n\t\t\t<p style=\"text-align: center;\">Ten en cuenta que todas las transacciones son finales y las tarifas no son reembolsables, a menos que se haya llegado a un acuerdo previo con West River Academy.<\/p>\n\n\t\t<\/div>\n\t<\/div>\n<div class=\"vc_empty_space\"   style=\"height: 32px\"><span class=\"vc_empty_space_inner\"><\/span><\/div><\/div><\/div><\/div><\/div>\n<\/div>","protected":false},"excerpt":{"rendered":"Welcome to our scheduling page! We\u2019re excited to connect with you. Whether you speak English or Spanish, we\u2019ve got you covered. To ensure the best experience, please choose the language option that works for you. We look forward to speaking with you! ENGLISHESPA\u00d1OLGRADUATIONENGLISH Karen Abe Educational Advisor for English speakers FREE 15-minute introductory consultationEnglishPlease schedule [...]","protected":false},"author":13,"featured_media":0,"parent":0,"menu_order":0,"comment_status":"closed","ping_status":"closed","template":"","meta":{"_acf_changed":false,"footnotes":""},"class_list":["post-55019","page","type-page","status-publish","hentry"],"acf":[],"_links":{"self":[{"href":"https:\/\/westriveracademy.com\/es\/wp-json\/wp\/v2\/pages\/55019","targetHints":{"allow":["GET"]}}],"collection":[{"href":"https:\/\/westriveracademy.com\/es\/wp-json\/wp\/v2\/pages"}],"about":[{"href":"https:\/\/westriveracademy.com\/es\/wp-json\/wp\/v2\/types\/page"}],"author":[{"embeddable":true,"href":"https:\/\/westriveracademy.com\/es\/wp-json\/wp\/v2\/users\/13"}],"replies":[{"embeddable":true,"href":"https:\/\/westriveracademy.com\/es\/wp-json\/wp\/v2\/comments?post=55019"}],"version-history":[{"count":5,"href":"https:\/\/westriveracademy.com\/es\/wp-json\/wp\/v2\/pages\/55019\/revisions"}],"predecessor-version":[{"id":59389,"href":"https:\/\/westriveracademy.com\/es\/wp-json\/wp\/v2\/pages\/55019\/revisions\/59389"}],"wp:attachment":[{"href":"https:\/\/westriveracademy.com\/es\/wp-json\/wp\/v2\/media?parent=55019"}],"curies":[{"name":"wp","href":"https:\/\/api.w.org\/{rel}","templated":true}]}}