{"id":55523,"date":"2024-11-20T17:03:11","date_gmt":"2024-11-21T01:03:11","guid":{"rendered":"\/?page_id=55523"},"modified":"2026-02-26T07:22:20","modified_gmt":"2026-02-26T15:22:20","slug":"teen-mentorship-program","status":"publish","type":"page","link":"https:\/\/westriveracademy.com\/es\/teen-mentorship-program\/","title":{"rendered":"Mentor\u00eda para J\u00f3venes"},"content":{"rendered":"<div class=\"wpb-content-wrapper\"><div data-vc-full-width=\"true\" data-vc-full-width-temp=\"true\" data-vc-full-width-init=\"false\" class=\"vc_row wpb_row vc_row-fluid vc_custom_1732899205415 vc_row-has-fill\"><div class=\"wpb_column vc_column_container vc_col-sm-12\"><div class=\"vc_column-inner\"><div class=\"wpb_wrapper\">\n\t<div class=\"wpb_text_column wpb_content_element global-h3 dblue\" >\n\t\t<div class=\"wpb_wrapper\">\n\t\t\t<h3 style=\"text-align: center;\">\u00bfEres un estudiante de secundaria que se siente desmotivado, o sin saber como empezar a descubrir su verdadero potencial?<\/h3>\n\n\t\t<\/div>\n\t<\/div>\n\n\t<div class=\"wpb_text_column wpb_content_element global-ptxt subgreytxt\" >\n\t\t<div class=\"wpb_wrapper\">\n\t\t\t<h4 style=\"text-align: center;\">\u00a1Esto es para ti!<\/h4>\n\n\t\t<\/div>\n\t<\/div>\n<div class=\"vc_empty_space\"   style=\"height: 32px\"><span class=\"vc_empty_space_inner\"><\/span><\/div><\/div><\/div><\/div><\/div><div class=\"vc_row-full-width vc_clearfix\"><\/div><div data-vc-full-width=\"true\" data-vc-full-width-temp=\"true\" data-vc-full-width-init=\"false\" class=\"vc_row wpb_row vc_row-fluid vc_custom_1733010003986 vc_row-has-fill vc_column-gap-20 vc_row-o-equal-height vc_row-o-content-middle vc_row-flex\"><div class=\"wpb_column vc_column_container vc_col-sm-6\"><div class=\"vc_column-inner\"><div class=\"wpb_wrapper\">\n\t<div class=\"wpb_text_column wpb_content_element\" >\n\t\t<div class=\"wpb_wrapper\">\n\t\t\t<h2 style=\"text-align: center;\">El Programa de Mentor\u00eda Juvenil de West River Academy es un espacio seguro y de apoyo donde los estudiantes pueden ganar claridad, fortalecer su confianza y aprender a prosperar tanto emocional como acad\u00e9micamente.<\/h2>\n\n\t\t<\/div>\n\t<\/div>\n<\/div><\/div><\/div><div class=\"wpb_column vc_column_container vc_col-sm-6\"><div class=\"vc_column-inner\"><div class=\"wpb_wrapper\"><div class=\"vc_row wpb_row vc_inner vc_row-fluid\"><div class=\"wpb_column vc_column_container vc_col-sm-12\"><div class=\"vc_column-inner\"><div class=\"wpb_wrapper\"><section class=\"vc_cta3-container\"><div class=\"vc_general vc_do_cta3 vc_cta3 vc_cta3-style-3d vc_cta3-shape-rounded vc_cta3-align-left vc_cta3-color-mulled-wine vc_cta3-icons-on-border vc_cta3-icon-size-xl vc_cta3-icons-top\"><div class=\"vc_cta3-icons\"><div class=\"vc_icon_element vc_icon_element-outer vc_do_icon vc_icon_element-align-left\"><div class=\"vc_icon_element-inner vc_icon_element-color-violet vc_icon_element-size-xl vc_icon_element-style- vc_icon_element-background-color-grey\" ><span class=\"vc_icon_element-icon fas fa-star\" ><\/span><\/div><\/div><\/div><div class=\"vc_cta3_content-container\"><div class=\"vc_cta3-content\"><header class=\"vc_cta3-content-header\"><h2>A trav\u00e9s de una mentor\u00eda personalizada, te ayudaremos a:<\/h2><\/header><h3><i class=\"fa fa-check-square-o\" style=\"font-size: 30px;\"><\/i> Descubrir tus fortalezas e intereses \u00fanicos.<\/h3>\n<h3><i class=\"fa fa-check-square-o\" style=\"font-size: 30px;\"><\/i> Establecer metas que realmente te inspiren.<\/h3>\n<h3><i class=\"fa fa-check-square-o\" style=\"font-size: 30px;\"><\/i> Desarrollar inteligencia emocional y resiliencia.<\/h3>\n<h3><i class=\"fa fa-check-square-o\" style=\"font-size: 30px;\"><\/i> Superar desaf\u00edos con claridad y confianza.<\/h3>\n<h3><i class=\"fa fa-check-square-o\" style=\"font-size: 30px;\"><\/i> Encontrar prop\u00f3sito y alegr\u00eda en tu camino de aprendizaje.<\/h3>\n<\/div><\/div><\/div><\/section><\/div><\/div><\/div><\/div><\/div><\/div><\/div><div class=\"wpb_column vc_column_container vc_col-sm-12\"><div class=\"vc_column-inner\"><div class=\"wpb_wrapper\"><div class=\"vc_empty_space\"   style=\"height: 32px\"><span class=\"vc_empty_space_inner\"><\/span><\/div><\/div><\/div><\/div><\/div><div class=\"vc_row-full-width vc_clearfix\"><\/div><div class=\"vc_row wpb_row vc_row-fluid\"><div class=\"wpb_column vc_column_container vc_col-sm-12\"><div class=\"vc_column-inner\"><div class=\"wpb_wrapper\">\n\t<div class=\"wpb_text_column wpb_content_element global-h3 turq\" >\n\t\t<div class=\"wpb_wrapper\">\n\t\t\t<h3 style=\"text-align: center;\">\u00bfPor qu\u00e9 elegir el Programa de Mentor\u00eda Juvenil?<\/h3>\n\n\t\t<\/div>\n\t<\/div>\n<div class=\"vc_row wpb_row vc_inner vc_row-fluid hdiw-1 vc_custom_1733027030661 vc_row-has-fill vc_row-o-equal-height vc_row-o-content-middle vc_row-flex\"><div class=\"wpb_column vc_column_container vc_col-sm-1 vc_col-lg-2\"><div class=\"vc_column-inner\"><div class=\"wpb_wrapper\">\n\t<div  class=\"wpb_single_image wpb_content_element vc_align_left wpb_content_element\">\n\t\t\n\t\t<figure class=\"wpb_wrapper vc_figure\">\n\t\t\t<div class=\"vc_single_image-wrapper   vc_box_border_grey\"><img decoding=\"async\" class=\"vc_single_image-img\" src=\"https:\/\/westriveracademy.com\/wp-content\/uploads\/2024\/11\/number-1-100x100.png\" width=\"100\" height=\"100\" alt=\"number 1\" title=\"number 1\" loading=\"lazy\" \/><\/div>\n\t\t<\/figure>\n\t<\/div>\n<\/div><\/div><\/div><div class=\"wpb_column vc_column_container vc_col-sm-2 vc_col-lg-offset-0 vc_col-md-offset-0 vc_col-sm-offset-0\"><div class=\"vc_column-inner\"><div class=\"wpb_wrapper\"><h2 style=\"color: #876697;text-align: left\" class=\"vc_custom_heading vc_do_custom_heading\" >Apoyo Personalizado:<\/h2><\/div><\/div><\/div><div class=\"wpb_column vc_column_container vc_col-sm-3\/5 vc_col-lg-4\/5 vc_col-sm-offset-1\"><div class=\"vc_column-inner\"><div class=\"wpb_wrapper\">\n\t<div class=\"wpb_text_column wpb_content_element global-ptxt\" >\n\t\t<div class=\"wpb_wrapper\">\n\t\t\t<p>El viaje de cada estudiante es \u00fanico. Juntos, crearemos un camino adaptado a tus necesidades, ya sea desarrollando autodisciplina, explorando nuevas pasiones o manejando el estr\u00e9s.<\/p>\n\n\t\t<\/div>\n\t<\/div>\n<\/div><\/div><\/div><\/div><div class=\"vc_row wpb_row vc_inner vc_row-fluid hdiw-3 vc_custom_1733027054699 vc_row-has-fill vc_row-o-equal-height vc_row-o-content-middle vc_row-flex\"><div class=\"wpb_column vc_column_container vc_col-sm-1 vc_col-lg-2\"><div class=\"vc_column-inner\"><div class=\"wpb_wrapper\">\n\t<div  class=\"wpb_single_image wpb_content_element vc_align_left wpb_content_element\">\n\t\t\n\t\t<figure class=\"wpb_wrapper vc_figure\">\n\t\t\t<div class=\"vc_single_image-wrapper   vc_box_border_grey\"><img decoding=\"async\" class=\"vc_single_image-img\" src=\"https:\/\/westriveracademy.com\/wp-content\/uploads\/2024\/11\/number-2-100x100.png\" width=\"100\" height=\"100\" alt=\"number 2\" title=\"number 2\" loading=\"lazy\" \/><\/div>\n\t\t<\/figure>\n\t<\/div>\n<\/div><\/div><\/div><div class=\"wpb_column vc_column_container vc_col-sm-2 vc_col-lg-offset-0 vc_col-md-offset-0 vc_col-sm-offset-0\"><div class=\"vc_column-inner\"><div class=\"wpb_wrapper\"><h2 style=\"color: #50A0BB;text-align: left\" class=\"vc_custom_heading vc_do_custom_heading\" >Herramientas Pr\u00e1cticas:<\/h2><\/div><\/div><\/div><div class=\"wpb_column vc_column_container vc_col-sm-3\/5 vc_col-lg-4\/5 vc_col-sm-offset-1\"><div class=\"vc_column-inner\"><div class=\"wpb_wrapper\">\n\t<div class=\"wpb_text_column wpb_content_element global-ptxt\" >\n\t\t<div class=\"wpb_wrapper\">\n\t\t\t<p>Aprende estrategias pr\u00e1cticas para superar la procrastinaci\u00f3n, enfrentar emociones dif\u00edciles y mantenerte motivado.<\/p>\n\n\t\t<\/div>\n\t<\/div>\n<\/div><\/div><\/div><\/div><div class=\"vc_row wpb_row vc_inner vc_row-fluid hdiw-1 vc_custom_1733027060418 vc_row-has-fill vc_row-o-equal-height vc_row-o-content-middle vc_row-flex\"><div class=\"wpb_column vc_column_container vc_col-sm-1 vc_col-lg-2\"><div class=\"vc_column-inner\"><div class=\"wpb_wrapper\">\n\t<div  class=\"wpb_single_image wpb_content_element vc_align_left wpb_content_element\">\n\t\t\n\t\t<figure class=\"wpb_wrapper vc_figure\">\n\t\t\t<div class=\"vc_single_image-wrapper   vc_box_border_grey\"><img decoding=\"async\" class=\"vc_single_image-img\" src=\"https:\/\/westriveracademy.com\/wp-content\/uploads\/2024\/11\/number-3-100x100.png\" width=\"100\" height=\"100\" alt=\"number 3\" title=\"number 3\" loading=\"lazy\" \/><\/div>\n\t\t<\/figure>\n\t<\/div>\n<\/div><\/div><\/div><div class=\"wpb_column vc_column_container vc_col-sm-2 vc_col-lg-offset-0 vc_col-md-offset-0 vc_col-sm-offset-0\"><div class=\"vc_column-inner\"><div class=\"wpb_wrapper\"><h2 style=\"color: #876697;text-align: left\" class=\"vc_custom_heading vc_do_custom_heading\" >Autoconocimiento:<\/h2><\/div><\/div><\/div><div class=\"wpb_column vc_column_container vc_col-sm-3\/5 vc_col-lg-4\/5 vc_col-sm-offset-1\"><div class=\"vc_column-inner\"><div class=\"wpb_wrapper\">\n\t<div class=\"wpb_text_column wpb_content_element global-ptxt\" >\n\t\t<div class=\"wpb_wrapper\">\n\t\t\t<p class=\"translation-block\">Descubre qu\u00e9 te hace ser t\u00fa. A trav\u00e9s de ejercicios y conversaciones que invitan a la reflexi\u00f3n, aprender\u00e1s m\u00e1s sobre tus intereses, personalidad y valores<\/p>\n\n\t\t<\/div>\n\t<\/div>\n<\/div><\/div><\/div><\/div><div class=\"vc_row wpb_row vc_inner vc_row-fluid hdiw-3 vc_custom_1733027069302 vc_row-has-fill vc_row-o-equal-height vc_row-o-content-middle vc_row-flex\"><div class=\"wpb_column vc_column_container vc_col-sm-1 vc_col-lg-2\"><div class=\"vc_column-inner\"><div class=\"wpb_wrapper\">\n\t<div  class=\"wpb_single_image wpb_content_element vc_align_left wpb_content_element\">\n\t\t\n\t\t<figure class=\"wpb_wrapper vc_figure\">\n\t\t\t<div class=\"vc_single_image-wrapper   vc_box_border_grey\"><img decoding=\"async\" class=\"vc_single_image-img\" src=\"https:\/\/westriveracademy.com\/wp-content\/uploads\/2024\/11\/number-4-100x100.png\" width=\"100\" height=\"100\" alt=\"number 4\" title=\"number 4\" loading=\"lazy\" \/><\/div>\n\t\t<\/figure>\n\t<\/div>\n<\/div><\/div><\/div><div class=\"wpb_column vc_column_container vc_col-sm-2 vc_col-lg-offset-0 vc_col-md-offset-0 vc_col-sm-offset-0\"><div class=\"vc_column-inner\"><div class=\"wpb_wrapper\"><h2 style=\"color: #50A0BB;text-align: left\" class=\"vc_custom_heading vc_do_custom_heading\" >Mentalidad de Crecimiento:<\/h2><\/div><\/div><\/div><div class=\"wpb_column vc_column_container vc_col-sm-3\/5 vc_col-lg-4\/5 vc_col-sm-offset-1\"><div class=\"vc_column-inner\"><div class=\"wpb_wrapper\">\n\t<div class=\"wpb_text_column wpb_content_element global-ptxt\" >\n\t\t<div class=\"wpb_wrapper\">\n\t\t\t<p>Cambia tu perspectiva para ver los desaf\u00edos como oportunidades de crecimiento y \u00e9xito.<\/p>\n\n\t\t<\/div>\n\t<\/div>\n<\/div><\/div><\/div><\/div><div class=\"vc_row wpb_row vc_inner vc_row-fluid\"><div class=\"wpb_column vc_column_container vc_col-sm-12\"><div class=\"vc_column-inner\"><div class=\"wpb_wrapper\"><div class=\"vc_empty_space\"   style=\"height: 32px\"><span class=\"vc_empty_space_inner\"><\/span><\/div><\/div><\/div><\/div><\/div><\/div><\/div><\/div><\/div><div data-vc-full-width=\"true\" data-vc-full-width-temp=\"true\" data-vc-full-width-init=\"false\" class=\"vc_row wpb_row vc_row-fluid page-sect home-sect5 vc_custom_1733022842346 vc_row-has-fill\"><div class=\"wpb_column vc_column_container vc_col-sm-12\"><div class=\"vc_column-inner\"><div class=\"wpb_wrapper\">\n\t<div class=\"wpb_text_column wpb_content_element global-h3 dblue\" >\n\t\t<div class=\"wpb_wrapper\">\n\t\t\t<h3 style=\"text-align: center;\"><b>Paquetes del Programa<\/b><\/h3>\n\n\t\t<\/div>\n\t<\/div>\n<\/div><\/div><\/div><div class=\"wpb_column vc_column_container vc_col-sm-12\"><div class=\"vc_column-inner\"><div class=\"wpb_wrapper\">\n\t<div class=\"wpb_text_column wpb_content_element global-ptxt subgreytxt\" >\n\t\t<div class=\"wpb_wrapper\">\n\t\t\t<h4 style=\"text-align: center;\">T\u00fa eliges la frecuencia y duraci\u00f3n de tu contrato de mentor\u00eda.<\/h4>\n\n\t\t<\/div>\n\t<\/div>\n<\/div><\/div><\/div><div class=\"wpb_column vc_column_container vc_col-sm-4\"><div class=\"vc_column-inner\"><div class=\"wpb_wrapper\">\n\t<div  class=\"wpb_single_image wpb_content_element vc_align_center wpb_content_element\">\n\t\t\n\t\t<figure class=\"wpb_wrapper vc_figure\">\n\t\t\t<div class=\"vc_single_image-wrapper   vc_box_border_grey\"><img decoding=\"async\" width=\"500\" height=\"478\" src=\"https:\/\/westriveracademy.com\/wp-content\/uploads\/2025\/01\/mentoring-20.png\" class=\"vc_single_image-img attachment-full\" alt=\"mentoring 20\" title=\"mentoring 20\" srcset=\"https:\/\/westriveracademy.com\/wp-content\/uploads\/2025\/01\/mentoring-20.png 500w, https:\/\/westriveracademy.com\/wp-content\/uploads\/2025\/01\/mentoring-20-300x287.png 300w, https:\/\/westriveracademy.com\/wp-content\/uploads\/2025\/01\/mentoring-20-13x12.png 13w, https:\/\/westriveracademy.com\/wp-content\/uploads\/2025\/01\/mentoring-20-200x191.png 200w\" sizes=\"(max-width: 500px) 100vw, 500px\" loading=\"lazy\" \/><\/div>\n\t\t<\/figure>\n\t<\/div>\n<div class=\"vc_empty_space\"   style=\"height: 32px\"><span class=\"vc_empty_space_inner\"><\/span><\/div><section class=\"vc_cta3-container\"><div class=\"vc_general vc_do_cta3 vc_cta3 vc_cta3-style-classic vc_cta3-shape-rounded vc_cta3-align-center vc_cta3-color-classic vc_cta3-icon-size-md\"><div class=\"vc_cta3_content-container\"><div class=\"vc_cta3-content\"><header class=\"vc_cta3-content-header\"><h2>Asesor\u00edas de 20 minutos<\/h2><h4>$40<\/h4><\/header><p>Sesi\u00f3n r\u00e1pida para destrabar una situaci\u00f3n puntual. Perfecta para quienes necesitan respuestas o ideas inmediatas sin una larga charla.<\/p>\n<\/div><\/div><\/div><\/section><\/div><\/div><\/div><div class=\"wpb_column vc_column_container vc_col-sm-4\"><div class=\"vc_column-inner\"><div class=\"wpb_wrapper\">\n\t<div  class=\"wpb_single_image wpb_content_element vc_align_center wpb_content_element\">\n\t\t\n\t\t<figure class=\"wpb_wrapper vc_figure\">\n\t\t\t<div class=\"vc_single_image-wrapper   vc_box_border_grey\"><img decoding=\"async\" width=\"500\" height=\"478\" src=\"https:\/\/westriveracademy.com\/wp-content\/uploads\/2025\/01\/mentoring-60.png\" class=\"vc_single_image-img attachment-full\" alt=\"mentoring 60\" title=\"mentoring 60\" srcset=\"https:\/\/westriveracademy.com\/wp-content\/uploads\/2025\/01\/mentoring-60.png 500w, https:\/\/westriveracademy.com\/wp-content\/uploads\/2025\/01\/mentoring-60-300x287.png 300w, https:\/\/westriveracademy.com\/wp-content\/uploads\/2025\/01\/mentoring-60-13x12.png 13w, https:\/\/westriveracademy.com\/wp-content\/uploads\/2025\/01\/mentoring-60-200x191.png 200w\" sizes=\"(max-width: 500px) 100vw, 500px\" loading=\"lazy\" \/><\/div>\n\t\t<\/figure>\n\t<\/div>\n<div class=\"vc_empty_space\"   style=\"height: 32px\"><span class=\"vc_empty_space_inner\"><\/span><\/div><section class=\"vc_cta3-container\"><div class=\"vc_general vc_do_cta3 vc_cta3 vc_cta3-style-classic vc_cta3-shape-rounded vc_cta3-align-center vc_cta3-color-classic vc_cta3-icon-size-md\"><div class=\"vc_cta3_content-container\"><div class=\"vc_cta3-content\"><header class=\"vc_cta3-content-header\"><h2>Asesor\u00edas de 40 minutos<\/h2><h4>$80<\/h4><\/header><p>Ideal para la primera vez. Permite explorar tus objetivos, resolver dudas iniciales y dise\u00f1ar un plan ajustado a tus necesidades.<\/p>\n<\/div><\/div><\/div><\/section><\/div><\/div><\/div><div class=\"wpb_column vc_column_container vc_col-sm-4\"><div class=\"vc_column-inner\"><div class=\"wpb_wrapper\">\n\t<div  class=\"wpb_single_image wpb_content_element vc_align_center wpb_content_element\">\n\t\t\n\t\t<figure class=\"wpb_wrapper vc_figure\">\n\t\t\t<div class=\"vc_single_image-wrapper   vc_box_border_grey\"><img decoding=\"async\" width=\"500\" height=\"478\" src=\"https:\/\/westriveracademy.com\/wp-content\/uploads\/2025\/01\/mentoring-40.png\" class=\"vc_single_image-img attachment-full\" alt=\"mentoring 40\" title=\"mentoring 40\" srcset=\"https:\/\/westriveracademy.com\/wp-content\/uploads\/2025\/01\/mentoring-40.png 500w, https:\/\/westriveracademy.com\/wp-content\/uploads\/2025\/01\/mentoring-40-300x287.png 300w, https:\/\/westriveracademy.com\/wp-content\/uploads\/2025\/01\/mentoring-40-13x12.png 13w, https:\/\/westriveracademy.com\/wp-content\/uploads\/2025\/01\/mentoring-40-200x191.png 200w\" sizes=\"(max-width: 500px) 100vw, 500px\" loading=\"lazy\" \/><\/div>\n\t\t<\/figure>\n\t<\/div>\n<div class=\"vc_empty_space\"   style=\"height: 32px\"><span class=\"vc_empty_space_inner\"><\/span><\/div><section class=\"vc_cta3-container\"><div class=\"vc_general vc_do_cta3 vc_cta3 vc_cta3-style-classic vc_cta3-shape-rounded vc_cta3-align-center vc_cta3-color-classic vc_cta3-icon-size-md\"><div class=\"vc_cta3_content-container\"><div class=\"vc_cta3-content\"><header class=\"vc_cta3-content-header\"><h2>Asesor\u00edas de 60 minutos<\/h2><h4>$120<\/h4><\/header><p>Sesi\u00f3n completa para profundizar en tus metas. Incluye planificaci\u00f3n estrat\u00e9gica, motivaci\u00f3n y seguimiento personalizado.<\/p>\n<\/div><\/div><\/div><\/section><\/div><\/div><\/div><div class=\"wpb_column vc_column_container vc_col-sm-12\"><div class=\"vc_column-inner\"><div class=\"wpb_wrapper\">\n\t<div class=\"wpb_text_column wpb_content_element global-ptxt subgreytxt\" >\n\t\t<div class=\"wpb_wrapper\">\n\t\t\t<h4 style=\"text-align: center;\">Te recomendamos agendar una llamada introductoria de 40 minutos, y juntos determinaremos el mejor plan a seguir.<\/h4>\n\n\t\t<\/div>\n\t<\/div>\n\n\t<div class=\"wpb_text_column wpb_content_element global-ptxt\" >\n\t\t<div class=\"wpb_wrapper\">\n\t\t\t<p style=\"text-align: center;\"><span style=\"color: #333333;\">Una vez firmado, este es un contrato y no es reembolsable.<\/span><\/p>\n\n\t\t<\/div>\n\t<\/div>\n<\/div><\/div><\/div><\/div><div class=\"vc_row-full-width vc_clearfix\"><\/div><div data-vc-full-width=\"true\" data-vc-full-width-temp=\"true\" data-vc-full-width-init=\"false\" class=\"vc_row wpb_row vc_row-fluid home enrollment-haq-sect vc_custom_1733028607727 vc_row-has-fill\"><div class=\"wpb_column vc_column_container vc_col-sm-12\"><div class=\"vc_column-inner\"><div class=\"wpb_wrapper\">\n\t<div class=\"wpb_text_column wpb_content_element global-h3 bluegreen\" >\n\t\t<div class=\"wpb_wrapper\">\n\t\t\t<h3 style=\"text-align: center;\">Puedes elegir tu idioma:<\/h3>\n\n\t\t<\/div>\n\t<\/div>\n<\/div><\/div><\/div><div class=\"wpb_column vc_column_container vc_col-sm-4\"><div class=\"vc_column-inner\"><div class=\"wpb_wrapper\"><section class=\"vc_cta3-container\"><div class=\"vc_general vc_do_cta3 vc_cta3 vc_cta3-style-classic vc_cta3-shape-rounded vc_cta3-align-center vc_cta3-color-classic vc_cta3-icon-size-md\"><div class=\"vc_cta3_content-container\"><div class=\"vc_cta3-content\"><header class=\"vc_cta3-content-header\"><h2>INGL\u00c9S<\/h2><h4>Rachel Nishikawa<\/h4><\/header><p><img decoding=\"async\" class=\"aligncenter wp-image-59139 size-medium\" title=\"Creative Director &amp; Graduation Program Manager\" src=\"https:\/\/westriveracademy.com\/wp-content\/uploads\/2025\/07\/Rachel-300x300.jpg\" alt=\"Rachel\" width=\"300\" height=\"300\" srcset=\"https:\/\/westriveracademy.com\/wp-content\/uploads\/2025\/07\/Rachel-300x300.jpg 300w, https:\/\/westriveracademy.com\/wp-content\/uploads\/2025\/07\/Rachel-150x150.jpg 150w, https:\/\/westriveracademy.com\/wp-content\/uploads\/2025\/07\/Rachel-12x12.jpg 12w, https:\/\/westriveracademy.com\/wp-content\/uploads\/2025\/07\/Rachel.jpg 602w\" sizes=\"(max-width: 300px) 100vw, 300px\" loading=\"lazy\" \/><\/p>\n<\/div><\/div><\/div><\/section><\/div><\/div><\/div><div class=\"wpb_column vc_column_container vc_col-sm-4\"><div class=\"vc_column-inner\"><div class=\"wpb_wrapper\"><section class=\"vc_cta3-container\"><div class=\"vc_general vc_do_cta3 vc_cta3 vc_cta3-style-classic vc_cta3-shape-rounded vc_cta3-align-center vc_cta3-color-classic vc_cta3-icon-size-md\"><div class=\"vc_cta3_content-container\"><div class=\"vc_cta3-content\"><header class=\"vc_cta3-content-header\"><h2>ESPA\u00d1OL<\/h2><h4>M\u00f3nica Oliveros<\/h4><\/header><p><img decoding=\"async\" class=\"aligncenter wp-image-59140 size-medium\" title=\"Creative Director &amp; Graduation Program Manager\" src=\"https:\/\/westriveracademy.com\/wp-content\/uploads\/2025\/07\/Monica-300x300.jpg\" alt=\"Monica\" width=\"300\" height=\"300\" srcset=\"https:\/\/westriveracademy.com\/wp-content\/uploads\/2025\/07\/Monica-300x300.jpg 300w, https:\/\/westriveracademy.com\/wp-content\/uploads\/2025\/07\/Monica-150x150.jpg 150w, https:\/\/westriveracademy.com\/wp-content\/uploads\/2025\/07\/Monica-12x12.jpg 12w, https:\/\/westriveracademy.com\/wp-content\/uploads\/2025\/07\/Monica.jpg 602w\" sizes=\"(max-width: 300px) 100vw, 300px\" loading=\"lazy\" \/><\/p>\n<\/div><\/div><\/div><\/section><\/div><\/div><\/div><div class=\"wpb_column vc_column_container vc_col-sm-4\"><div class=\"vc_column-inner\"><div class=\"wpb_wrapper\"><section class=\"vc_cta3-container\"><div class=\"vc_general vc_do_cta3 vc_cta3 vc_cta3-style-classic vc_cta3-shape-rounded vc_cta3-align-center vc_cta3-color-classic vc_cta3-icon-size-md\"><div class=\"vc_cta3_content-container\"><div class=\"vc_cta3-content\"><header class=\"vc_cta3-content-header\"><h2>PORTUGU\u00c9S<\/h2><h4>S\u00edlvia C\u00f3pio<\/h4><\/header><p><img decoding=\"async\" class=\"aligncenter wp-image-59334 size-medium\" title=\"Creative Director &amp; Graduation Program Manager\" src=\"https:\/\/westriveracademy.com\/wp-content\/uploads\/2025\/10\/Silvia-300x300.jpg\" alt=\"Silvia\" width=\"300\" height=\"300\" srcset=\"https:\/\/westriveracademy.com\/wp-content\/uploads\/2025\/10\/Silvia-300x300.jpg 300w, https:\/\/westriveracademy.com\/wp-content\/uploads\/2025\/10\/Silvia-150x150.jpg 150w, https:\/\/westriveracademy.com\/wp-content\/uploads\/2025\/10\/Silvia-12x12.jpg 12w, https:\/\/westriveracademy.com\/wp-content\/uploads\/2025\/10\/Silvia.jpg 602w\" sizes=\"(max-width: 300px) 100vw, 300px\" loading=\"lazy\" \/><\/p>\n<\/div><\/div><\/div><\/section><\/div><\/div><\/div><\/div><div class=\"vc_row-full-width vc_clearfix\"><\/div><div data-vc-full-width=\"true\" data-vc-full-width-temp=\"true\" data-vc-full-width-init=\"false\" class=\"vc_row wpb_row vc_row-fluid vc_custom_1772113591814 vc_row-has-fill\"><div class=\"wpb_column vc_column_container vc_col-sm-12\"><div class=\"vc_column-inner\"><div class=\"wpb_wrapper\">\n\t<div class=\"wpb_text_column wpb_content_element global-h3 dblue\" >\n\t\t<div class=\"wpb_wrapper\">\n\t\t\t<h2 style=\"text-align: center;\"><strong>\u00bfTodo listo para dar el siguiente paso?<\/strong><\/h2>\n\n\t\t<\/div>\n\t<\/div>\n\n\t<div class=\"wpb_text_column wpb_content_element global-ptxt\" >\n\t\t<div class=\"wpb_wrapper\">\n\t\t\t<h4 style=\"text-align: center;\">Si ya est\u00e1n inscritos en West River Academy, pueden agendar su sesi\u00f3n del Programa de Mentor\u00eda para Adolescentes en cualquier momento desde su Portal Familiar.<\/h4>\n\n\t\t<\/div>\n\t<\/div>\n<div class=\"vc_empty_space\"   style=\"height: 32px\"><span class=\"vc_empty_space_inner\"><\/span><\/div>\n\t<div  class=\"wpb_single_image wpb_content_element vc_align_center wpb_content_element\">\n\t\t\n\t\t<figure class=\"wpb_wrapper vc_figure\">\n\t\t\t<div class=\"vc_single_image-wrapper   vc_box_border_grey\"><img decoding=\"async\" width=\"914\" height=\"237\" src=\"https:\/\/westriveracademy.com\/wp-content\/uploads\/2026\/02\/Teen-Mentorship-Portal-Services.png\" class=\"vc_single_image-img attachment-full\" alt=\"Teen Mentorship Portal Services\" title=\"Teen Mentorship Portal Services\" srcset=\"https:\/\/westriveracademy.com\/wp-content\/uploads\/2026\/02\/Teen-Mentorship-Portal-Services.png 914w, https:\/\/westriveracademy.com\/wp-content\/uploads\/2026\/02\/Teen-Mentorship-Portal-Services-300x78.png 300w, https:\/\/westriveracademy.com\/wp-content\/uploads\/2026\/02\/Teen-Mentorship-Portal-Services-768x199.png 768w, https:\/\/westriveracademy.com\/wp-content\/uploads\/2026\/02\/Teen-Mentorship-Portal-Services-18x5.png 18w\" sizes=\"(max-width: 914px) 100vw, 914px\" loading=\"lazy\" \/><\/div>\n\t\t<\/figure>\n\t<\/div>\n<div class=\"vc_empty_space\"   style=\"height: 32px\"><span class=\"vc_empty_space_inner\"><\/span><\/div><section class=\"vc_cta3-container\"><div class=\"vc_general vc_do_cta3 vc_cta3 faq-butt vc_cta3-style-custom vc_cta3-shape-rounded vc_cta3-align-left vc_cta3-icon-size-md vc_custom_1772119266597\" style=\"background-color:#EEE9FF;\"><div class=\"vc_cta3_content-container\"><div class=\"vc_cta3-content\"><header class=\"vc_cta3-content-header\"><h2 style=\"color:#4B3F72;\">\u00bfA\u00fan no formas parte de West River Academy?<\/h2><p style=\"color: #6B6B6B;text-align: left\" class=\"vc_custom_heading vc_do_custom_heading\" >Si a\u00fan no formas parte de West River Academy, te damos la bienvenida a unirte a nuestra comunidad de aprendizaje y aprovechar esta oportunidad de mentor\u00eda.<\/p><\/header><p style=\"text-align: right;\" data-start=\"830\" data-end=\"966\"><a class=\"yellow-butt\" href=\"https:\/\/portal.westriveracademy.com\/family\/dashboard?EnrollNow\">inscr\u00edbete ahora<\/a><\/p>\n<\/div><\/div><\/div><\/section><div class=\"vc_empty_space\"   style=\"height: 32px\"><span class=\"vc_empty_space_inner\"><\/span><\/div><\/div><\/div><\/div><\/div><div class=\"vc_row-full-width vc_clearfix\"><\/div>\n<\/div>","protected":false},"excerpt":{"rendered":"Are you a high school student feeling lost, unmotivated, or unsure of where to start? This is for you. The West River Academy Teen Mentorship Program is a safe, supportive space for students to gain clarity, build confidence, and learn how to thrive emotionally and academically. Through personalized mentorship, we\u2019ll help you: Uncover your unique [...]","protected":false},"author":13,"featured_media":0,"parent":0,"menu_order":0,"comment_status":"closed","ping_status":"closed","template":"","meta":{"_acf_changed":false,"footnotes":""},"class_list":["post-55523","page","type-page","status-publish","hentry"],"acf":[],"_links":{"self":[{"href":"https:\/\/westriveracademy.com\/es\/wp-json\/wp\/v2\/pages\/55523","targetHints":{"allow":["GET"]}}],"collection":[{"href":"https:\/\/westriveracademy.com\/es\/wp-json\/wp\/v2\/pages"}],"about":[{"href":"https:\/\/westriveracademy.com\/es\/wp-json\/wp\/v2\/types\/page"}],"author":[{"embeddable":true,"href":"https:\/\/westriveracademy.com\/es\/wp-json\/wp\/v2\/users\/13"}],"replies":[{"embeddable":true,"href":"https:\/\/westriveracademy.com\/es\/wp-json\/wp\/v2\/comments?post=55523"}],"version-history":[{"count":5,"href":"https:\/\/westriveracademy.com\/es\/wp-json\/wp\/v2\/pages\/55523\/revisions"}],"predecessor-version":[{"id":59470,"href":"https:\/\/westriveracademy.com\/es\/wp-json\/wp\/v2\/pages\/55523\/revisions\/59470"}],"wp:attachment":[{"href":"https:\/\/westriveracademy.com\/es\/wp-json\/wp\/v2\/media?parent=55523"}],"curies":[{"name":"wp","href":"https:\/\/api.w.org\/{rel}","templated":true}]}}