{"id":635,"date":"2019-11-26T07:02:38","date_gmt":"2019-11-26T15:02:38","guid":{"rendered":"http:\/\/webproofingsite.com\/westriver\/?page_id=635"},"modified":"2026-04-16T13:03:47","modified_gmt":"2026-04-16T20:03:47","slug":"international","status":"publish","type":"page","link":"https:\/\/westriveracademy.com\/es\/international\/","title":{"rendered":"Internacional"},"content":{"rendered":"<div class=\"wpb-content-wrapper\"><div data-vc-full-width=\"true\" data-vc-full-width-temp=\"true\" data-vc-full-width-init=\"false\" class=\"vc_row wpb_row vc_row-fluid global-pages international sect1 vc_custom_1574783830886 vc_row-has-fill\"><div class=\"wpb_column vc_column_container vc_col-sm-12\"><div class=\"vc_column-inner\"><div class=\"wpb_wrapper\">\n\t<div class=\"wpb_text_column wpb_content_element international judson-font\" >\n\t\t<div class=\"wpb_wrapper\">\n\t\t\t<h3 style=\"text-align: center;\">Entendemos que las familias fuera de los Estados Unidos pueden beneficiarse de contar con el respaldo legal y el apoyo de una escuela privada acreditada en los Estados Unidos. Ofrecemos inscripci\u00f3n, asistencia personalizada y servicios para satisfacer sus necesidades espec\u00edficas.<\/h3>\n\n\t\t<\/div>\n\t<\/div>\n<\/div><\/div><\/div><\/div><div class=\"vc_row-full-width vc_clearfix\"><\/div><div class=\"vc_row wpb_row vc_row-fluid global-pages faq international sect2\"><div class=\"wpb_column vc_column_container vc_col-sm-12\"><div class=\"vc_column-inner\"><div class=\"wpb_wrapper\">\n\t<div class=\"wpb_text_column wpb_content_element global-h3 dblue\" >\n\t\t<div class=\"wpb_wrapper\">\n\t\t\t<h3 style=\"text-align: center;\">\u00bfVive fuera de los Estados Unidos?<\/h3>\n\n\t\t<\/div>\n\t<\/div>\n\n\t<div class=\"wpb_text_column wpb_content_element global-ptxt subgreytxt\" >\n\t\t<div class=\"wpb_wrapper\">\n\t\t\t<h4 style=\"text-align: center;\">\u00a1Esta informaci\u00f3n es para ti!<\/h4>\n\n\t\t<\/div>\n\t<\/div>\n<div class=\"vc_tta-container\" data-vc-action=\"collapseAll\"><div class=\"vc_general vc_tta vc_tta-accordion vc_tta-color-grey vc_tta-style-classic vc_tta-shape-rounded vc_tta-o-shape-group vc_tta-controls-align-default vc_tta-o-all-clickable\"><div class=\"vc_tta-panels-container\"><div class=\"vc_tta-panels\"><div class=\"vc_tta-panel\" id=\"1561098014044-20fafc67-c29a\" data-vc-content=\".vc_tta-panel-body\"><div class=\"vc_tta-panel-heading\"><h4 class=\"vc_tta-panel-title vc_tta-controls-icon-position-right\"><a href=\"#1561098014044-20fafc67-c29a\" data-vc-accordion data-vc-container=\".vc_tta-container\"><span class=\"vc_tta-title-text\">Si vives en Europa, M\u00e9xico, Medio Oriente o Canad\u00e1...<\/span><i class=\"vc_tta-controls-icon vc_tta-controls-icon-chevron\"><\/i><\/a><\/h4><\/div><div class=\"vc_tta-panel-body\">\n\t<div class=\"wpb_text_column wpb_content_element global-ptxt\" >\n\t\t<div class=\"wpb_wrapper\">\n\t\t\t<p>debe inscribirse por un per\u00edodo de 12 meses, del 1\u00b0 de agosto al 31 de julio. Usted puede organizar su propio calendario acad\u00e9mico dentro de ese per\u00edodo. No hay una fecha l\u00edmite de inscripci\u00f3n: puede inscribirse en cualquier momento y estar\u00e1 cubierto por los 12 meses completos. La tarifa es de USD 450 para un estudiante, m\u00e1s USD 75 por cada estudiante adicional de la misma familia.<\/p>\n\n\t\t<\/div>\n\t<\/div>\n<\/div><\/div><div class=\"vc_tta-panel\" id=\"1574785089895-af3bb591-b4ed\" data-vc-content=\".vc_tta-panel-body\"><div class=\"vc_tta-panel-heading\"><h4 class=\"vc_tta-panel-title vc_tta-controls-icon-position-right\"><a href=\"#1574785089895-af3bb591-b4ed\" data-vc-accordion data-vc-container=\".vc_tta-container\"><span class=\"vc_tta-title-text\">Si vives en Am\u00e9rica Latina, \u00c1frica, Australia, Nueva Zelanda o Asia...<\/span><i class=\"vc_tta-controls-icon vc_tta-controls-icon-chevron\"><\/i><\/a><\/h4><\/div><div class=\"vc_tta-panel-body\">\n\t<div class=\"wpb_text_column wpb_content_element global-ptxt\" >\n\t\t<div class=\"wpb_wrapper\">\n\t\t\t<p>debe inscribirse por un per\u00edodo de 12 meses, del 1\u00b0 de febrero al 31 de enero. Usted puede organizar su propio a\u00f1o acad\u00e9mico dentro de ese per\u00edodo. No hay una fecha l\u00edmite de inscripci\u00f3n: puede inscribirse en cualquier momento y estar\u00e1 cubierto por los 12 meses completos. La tarifa es de USD 450 para un estudiante, m\u00e1s USD 75 por cada estudiante adicional de la misma familia.<\/p>\n\n\t\t<\/div>\n\t<\/div>\n<\/div><\/div><div class=\"vc_tta-panel\" id=\"1574785089158-fbfb6f73-b567\" data-vc-content=\".vc_tta-panel-body\"><div class=\"vc_tta-panel-heading\"><h4 class=\"vc_tta-panel-title vc_tta-controls-icon-position-right\"><a href=\"#1574785089158-fbfb6f73-b567\" data-vc-accordion data-vc-container=\".vc_tta-container\"><span class=\"vc_tta-title-text\">Despu\u00e9s de inscribirse...<\/span><i class=\"vc_tta-controls-icon vc_tta-controls-icon-chevron\"><\/i><\/a><\/h4><\/div><div class=\"vc_tta-panel-body\">\n\t<div class=\"wpb_text_column wpb_content_element global-ptxt\" >\n\t\t<div class=\"wpb_wrapper\">\n\t\t\t<p>transferiremos registros de su escuela anterior a West River Academy. Esta es la forma de retirar estudiantes en los EE. UU. y muchos otros pa\u00edses. Sin embargo, si hay otra manera de ayudarlo a retirarse de su escuela, estaremos encantados de trabajar con usted para encontrar la mejor manera de hacerlo.<\/p>\n<p>West River Academy no es una escuela en l\u00ednea. No proporcionamos ni requerimos planes de estudio o materiales de aprendizaje espec\u00edficos. Tendr\u00e1 la flexibilidad de personalizar su propio programa educativo o comprar servicios de cualquier fuente que pueda ayudarlo. Puede usar el idioma de su elecci\u00f3n y elegir el estilo de aprendizaje que m\u00e1s le convenga, desde la no escolarizaci\u00f3n hasta el plan de estudios comercial o aprobado por el estado. Recomendamos el aprendizaje natural, denominado desescolarizaci\u00f3n o aprendizaje basado en intereses. Ofrecemos consultas para ayudarlo a orientarse y encontrar un estilo de aprendizaje y materiales para comenzar.<\/p>\n<p>Lo alentamos a realizar un seguimiento de lo que est\u00e1 aprendiendo para que pueda enviarnos un informe al final de cada a\u00f1o. El informe puede tener el formato que elija: un resumen escrito en estilo narrativo o de carpeta, una lista de actividades y materiales o una lista de materias con calificaciones. Puede solicitar una transcripci\u00f3n en ese momento.<\/p>\n\n\t\t<\/div>\n\t<\/div>\n<\/div><\/div><div class=\"vc_tta-panel\" id=\"1574785088399-1ef81c60-384e\" data-vc-content=\".vc_tta-panel-body\"><div class=\"vc_tta-panel-heading\"><h4 class=\"vc_tta-panel-title vc_tta-controls-icon-position-right\"><a href=\"#1574785088399-1ef81c60-384e\" data-vc-accordion data-vc-container=\".vc_tta-container\"><span class=\"vc_tta-title-text\">Si quieres encontrar o inscribir a un grupo de estudiantes\u2026<\/span><i class=\"vc_tta-controls-icon vc_tta-controls-icon-chevron\"><\/i><\/a><\/h4><\/div><div class=\"vc_tta-panel-body\">\n\t<div class=\"wpb_text_column wpb_content_element global-ptxt\" >\n\t\t<div class=\"wpb_wrapper\">\n\t\t\t<p>Para inscribir a un grupo de <span style=\"text-decoration: underline;\">al menos 20 estudiantes<\/span> que est\u00e1n pagando por sus servicios, puede contactarnos y solicitar una solicitud de grupo. Pagar\u00e1 una tarifa con descuento de $295 por estudiante m\u00e1s $60 por hermano. Consulte las preguntas frecuentes sobre la inscripci\u00f3n en grupo para obtener m\u00e1s detalles.<\/p>\n<p>Si desea encontrar y unirse a un grupo y recibir apoyo, as\u00ed como tarifas con descuento para inscribirse en West River Academy, preg\u00fantenos acerca de los grupos en su \u00e1rea.<\/p>\n\n\t\t<\/div>\n\t<\/div>\n<\/div><\/div><div class=\"vc_tta-panel\" id=\"1574785085055-912fa851-1fb6\" data-vc-content=\".vc_tta-panel-body\"><div class=\"vc_tta-panel-heading\"><h4 class=\"vc_tta-panel-title vc_tta-controls-icon-position-right\"><a href=\"#1574785085055-912fa851-1fb6\" data-vc-accordion data-vc-container=\".vc_tta-container\"><span class=\"vc_tta-title-text\">Para recibir una transcripci\u00f3n o un diploma de escuela secundaria...<\/span><i class=\"vc_tta-controls-icon vc_tta-controls-icon-chevron\"><\/i><\/a><\/h4><\/div><div class=\"vc_tta-panel-body\">\n\t<div class=\"wpb_text_column wpb_content_element global-ptxt\" >\n\t\t<div class=\"wpb_wrapper\">\n\t\t\t<p>Las transcripciones se pueden pedir al final de cada a\u00f1o escolar. La transcripci\u00f3n estar\u00e1 en ingl\u00e9s y utilizar\u00e1 el sistema de calificaci\u00f3n de los EE. UU. Luego puede ser notariado y enviado para una Apostilla (para miembros de la Convenci\u00f3n de La Haya).<\/p>\n<p>Si desea graduarse de la escuela secundaria con un diploma de escuela secundaria acreditado y una transcripci\u00f3n, puede inscribirse en el Proyecto de graduaci\u00f3n y enviar una presentaci\u00f3n escrita o multimedia de su viaje educativo. Consulte la p\u00e1gina de preguntas frecuentes para obtener m\u00e1s detalles sobre el Proyecto de Graduaci\u00f3n. Tras la aceptaci\u00f3n de su proyecto, se emite un diploma y una transcripci\u00f3n. Pueden enviarse para Apostillas y luego enviarse a su Ministerio de Educaci\u00f3n para su validaci\u00f3n. Se le recomienda averiguar antes de inscribirse si el Ministerio de Educaci\u00f3n de su pa\u00eds validar\u00e1 nuestros documentos.<\/p>\n<p>Tambi\u00e9n es posible que desee postularse a universidades en los EE. UU., donde los estudiantes de West River Academy de muchos pa\u00edses han sido admitidos.<\/p>\n\n\t\t<\/div>\n\t<\/div>\n<\/div><\/div><\/div><\/div><\/div><\/div>\n\t<div class=\"wpb_text_column wpb_content_element\" >\n\t\t<div class=\"wpb_wrapper\">\n\t\t\t<p style=\"text-align: center;\"><a class=\"yellow-butt\" href=\"https:\/\/portal.westriveracademy.com\/family\/dashboard?EnrollNow\">inscr\u00edbete ahora<\/a><\/p>\n\n\t\t<\/div>\n\t<\/div>\n<\/div><\/div><\/div><\/div><div data-vc-full-width=\"true\" data-vc-full-width-temp=\"true\" data-vc-full-width-init=\"false\" class=\"vc_row wpb_row vc_row-fluid global-pages international sect4 flag-popup vc_custom_1648022277623 vc_row-has-fill\"><div class=\"wpb_column vc_column_container vc_col-sm-12\"><div class=\"vc_column-inner\"><div class=\"wpb_wrapper\">\n\t<div class=\"wpb_text_column wpb_content_element global-h3 turq bluish\" >\n\t\t<div class=\"wpb_wrapper\">\n\t\t\t<h3 style=\"text-align: center;\">Donde viven nuestros estudiantes<\/h3>\n\n\t\t<\/div>\n\t<\/div>\n\n\t<div  class=\"wpb_single_image wpb_content_element vc_align_center wpb_content_element  world-map\">\n\t\t\n\t\t<figure class=\"wpb_wrapper vc_figure\">\n\t\t\t<div class=\"vc_single_image-wrapper   vc_box_border_grey\"><img decoding=\"async\" width=\"1507\" height=\"744\" src=\"https:\/\/westriveracademy.com\/wp-content\/uploads\/2020\/02\/International-Map.png\" class=\"vc_single_image-img attachment-full\" alt=\"International Map\" title=\"Mapa Internacional\" srcset=\"https:\/\/westriveracademy.com\/wp-content\/uploads\/2020\/02\/International-Map.png 1507w, https:\/\/westriveracademy.com\/wp-content\/uploads\/2020\/02\/International-Map-300x148.png 300w, https:\/\/westriveracademy.com\/wp-content\/uploads\/2020\/02\/International-Map-768x379.png 768w, https:\/\/westriveracademy.com\/wp-content\/uploads\/2020\/02\/International-Map-1024x506.png 1024w\" sizes=\"(max-width: 1507px) 100vw, 1507px\" loading=\"lazy\" \/><\/div>\n\t\t<\/figure>\n\t<\/div>\n<\/div><\/div><\/div><\/div><div class=\"vc_row-full-width vc_clearfix\"><\/div>\n<\/div>","protected":false},"excerpt":{"rendered":"We understand that families outside the United States may benefit from having the legal backing and support of an accredited private school in the United States. We offer enrollment, customized assistance and services to meet your specific needs. Do You Live Outside The United States? This information is for you! If you live in Europe, [...]","protected":false},"author":1,"featured_media":0,"parent":0,"menu_order":0,"comment_status":"closed","ping_status":"closed","template":"","meta":{"_acf_changed":false,"footnotes":""},"class_list":["post-635","page","type-page","status-publish","hentry"],"acf":[],"_links":{"self":[{"href":"https:\/\/westriveracademy.com\/es\/wp-json\/wp\/v2\/pages\/635","targetHints":{"allow":["GET"]}}],"collection":[{"href":"https:\/\/westriveracademy.com\/es\/wp-json\/wp\/v2\/pages"}],"about":[{"href":"https:\/\/westriveracademy.com\/es\/wp-json\/wp\/v2\/types\/page"}],"author":[{"embeddable":true,"href":"https:\/\/westriveracademy.com\/es\/wp-json\/wp\/v2\/users\/1"}],"replies":[{"embeddable":true,"href":"https:\/\/westriveracademy.com\/es\/wp-json\/wp\/v2\/comments?post=635"}],"version-history":[{"count":8,"href":"https:\/\/westriveracademy.com\/es\/wp-json\/wp\/v2\/pages\/635\/revisions"}],"predecessor-version":[{"id":59676,"href":"https:\/\/westriveracademy.com\/es\/wp-json\/wp\/v2\/pages\/635\/revisions\/59676"}],"wp:attachment":[{"href":"https:\/\/westriveracademy.com\/es\/wp-json\/wp\/v2\/media?parent=635"}],"curies":[{"name":"wp","href":"https:\/\/api.w.org\/{rel}","templated":true}]}}