{"id":789,"date":"2020-01-13T19:32:26","date_gmt":"2020-01-14T03:32:26","guid":{"rendered":"http:\/\/webproofingsite.com\/westriver\/?page_id=789"},"modified":"2025-08-08T06:23:48","modified_gmt":"2025-08-08T13:23:48","slug":"accreditation","status":"publish","type":"page","link":"https:\/\/westriveracademy.com\/es\/accreditation\/","title":{"rendered":"Acreditaci\u00f3n"},"content":{"rendered":"<div class=\"wpb-content-wrapper\"><div class=\"vc_row wpb_row vc_row-fluid global-pages accreditation sect1\"><div class=\"wpb_column vc_column_container vc_col-sm-12\"><div class=\"vc_column-inner\"><div class=\"wpb_wrapper\">\n\t<div class=\"wpb_text_column wpb_content_element global-h3 dblue\" >\n\t\t<div class=\"wpb_wrapper\">\n\t\t\t<h3 style=\"text-align: center;\">\u00bfQu\u00e9 significa estar Acreditados?<\/h3>\n\n\t\t<\/div>\n\t<\/div>\n<div class=\"vc_row wpb_row vc_inner vc_row-fluid two-col accre\"><div class=\"wpb_column vc_column_container vc_col-sm-6\"><div class=\"vc_column-inner\"><div class=\"wpb_wrapper\">\n\t<div class=\"wpb_text_column wpb_content_element global-ptxt\" >\n\t\t<div class=\"wpb_wrapper\">\n\t\t\t<p>En los Estados Unidos, la educaci\u00f3n est\u00e1 controlada por cada estado. La Constituci\u00f3n de los Estados Unidos no otorga este poder al gobierno federal. Cada estado tiene sus propias leyes que rigen la educaci\u00f3n en el estado. Para asegurar que las escuelas p\u00fablicas y privadas tengan est\u00e1ndares uniformes, se crearon organismos de acreditaci\u00f3n. Se supone que son independientes del gobierno e independientes de las escuelas. Aseguran que las escuelas cumplan con sus est\u00e1ndares para que los estudiantes de todos los estados reciban una educaci\u00f3n similar.<\/p>\n<p>El gobierno federal cre\u00f3 un Departamento de Educaci\u00f3n, que da dinero a las escuelas que ofrecen ciertos programas y cumplen con sus est\u00e1ndares. El deseo de financiamiento del gobierno federal es lo que tienta a los estados a incluir los programas federales en sus escuelas y cumplir con sus est\u00e1ndares.<\/p>\n<p style=\"text-align: left;\">La acreditaci\u00f3n no est\u00e1 relacionada con el estatus legal de una escuela en el estado donde tiene oficinas. West River Academy comenz\u00f3 en Colorado como una corporaci\u00f3n de Colorado. En California, opera como una corporaci\u00f3n extranjera. Cada a\u00f1o, West River Academy presenta una declaraci\u00f3n jurada ante el Departamento de Educaci\u00f3n de California y aparece en su sitio web como una escuela privada. Puede encontrar la declaraci\u00f3n jurada aqu\u00ed: <a href=\"https:\/\/www.cde.ca.gov\/SchoolDirectory\/details?cdscode=30664646134720\">https:\/\/www.cde.ca.gov\/SchoolDirectory\/details?cdscode=30664646134720<\/a><\/p>\n<p><a href=\"https:\/\/www.cde.ca.gov\/SchoolDirectory\/details?cdscode=30664646134720\"><img decoding=\"async\" class=\"aligncenter wp-image-51640 size-medium\" title=\"WRA in California Department of Education\" src=\"https:\/\/westriveracademy.com\/wp-content\/uploads\/2024\/06\/WRACaliforniaDepartmentofEducation-300x300.png\" alt=\"WRACaliforniaDepartmentofEducation\" width=\"300\" height=\"300\" srcset=\"https:\/\/westriveracademy.com\/wp-content\/uploads\/2024\/06\/WRACaliforniaDepartmentofEducation-300x300.png 300w, https:\/\/westriveracademy.com\/wp-content\/uploads\/2024\/06\/WRACaliforniaDepartmentofEducation-150x150.png 150w, https:\/\/westriveracademy.com\/wp-content\/uploads\/2024\/06\/WRACaliforniaDepartmentofEducation-768x768.png 768w, https:\/\/westriveracademy.com\/wp-content\/uploads\/2024\/06\/WRACaliforniaDepartmentofEducation-12x12.png 12w, https:\/\/westriveracademy.com\/wp-content\/uploads\/2024\/06\/WRACaliforniaDepartmentofEducation.png 1023w\" sizes=\"(max-width: 300px) 100vw, 300px\" loading=\"lazy\" \/><\/a><\/p>\n<p style=\"text-align: center;\">Escanee el c\u00f3digo QR y encu\u00e9ntrenos directamente en el sitio web del Departamento de Educaci\u00f3n de California.<\/p>\n\n\t\t<\/div>\n\t<\/div>\n<\/div><\/div><\/div><div class=\"wpb_column vc_column_container vc_col-sm-6\"><div class=\"vc_column-inner\"><div class=\"wpb_wrapper\">\n\t<div  class=\"wpb_single_image wpb_content_element vc_align_center wpb_content_element  accre-cert\">\n\t\t\n\t\t<figure class=\"wpb_wrapper vc_figure\">\n\t\t\t<div class=\"vc_single_image-wrapper   vc_box_border_grey\"><img decoding=\"async\" width=\"1208\" height=\"930\" src=\"https:\/\/westriveracademy.com\/wp-content\/uploads\/2025\/08\/Accreditation-2025-26.png\" class=\"vc_single_image-img attachment-full\" alt=\"Accreditation 2025 26\" title=\"Accreditation 2025 26\" srcset=\"https:\/\/westriveracademy.com\/wp-content\/uploads\/2025\/08\/Accreditation-2025-26.png 1208w, https:\/\/westriveracademy.com\/wp-content\/uploads\/2025\/08\/Accreditation-2025-26-300x231.png 300w\" sizes=\"(max-width: 1208px) 100vw, 1208px\" loading=\"lazy\" \/><\/div>\n\t\t<\/figure>\n\t<\/div>\n<div class=\"vc_empty_space\"   style=\"height: 32px\"><span class=\"vc_empty_space_inner\"><\/span><\/div>\n\t<div class=\"wpb_text_column wpb_content_element global-ptxt\" >\n\t\t<div class=\"wpb_wrapper\">\n\t\t\t<p>West River Academy est\u00e1 acreditada por la Asociaci\u00f3n Nacional para el Apoyo Legal de Escuelas Alternativas (NALSAS). Esta organizaci\u00f3n asegura al estudiante que est\u00e1 considerando esta escuela que ha realizado una visita in situ a la escuela y puede asegurar al p\u00fablico que la escuela cumple con todos los requisitos legales y realiza los servicios que ofrece.<\/p>\n<p>NALSAS no tiene requisitos curriculares para las escuelas que son miembros. Honra el derecho de la familia a elegir el programa que funcionar\u00e1 mejor para sus hijos. Esta es la raz\u00f3n por la que West River Academy eligi\u00f3 buscar la acreditaci\u00f3n de NALSAS y no de otras organizaciones de acreditaci\u00f3n.<\/p>\n<p>La mayor\u00eda de los colegios y universidades de EE. UU. han reconocido nuestro diploma y expediente acad\u00e9mico como v\u00e1lidos cuando nuestros estudiantes de \u00faltimo a\u00f1o han solicitado su ingreso. Nuestros documentos tambi\u00e9n han sido aceptados en otros pa\u00edses y por universidades en otros pa\u00edses. Para estudiantes en pa\u00edses que son miembros de la Convenci\u00f3n de La Haya, los documentos generalmente se env\u00edan al Secretario de Estado de Colorado para recibir una Apostilla y luego se presentan al Ministerio de Educaci\u00f3n o universidad en su pa\u00eds, donde desea estudiar.<\/p>\n\n\t\t<\/div>\n\t<\/div>\n<\/div><\/div><\/div><\/div><\/div><\/div><\/div><\/div>\n<\/div>","protected":false},"excerpt":{"rendered":"What does accreditation mean? In the United States, education is controlled by each state. The US Constitution does not give this power to the federal government. Each state has its own laws that govern education in the state. In order to assure that public and private schools have uniform standards, accreditation organizations were created. They [...]","protected":false},"author":1,"featured_media":0,"parent":0,"menu_order":0,"comment_status":"closed","ping_status":"closed","template":"","meta":{"_acf_changed":false,"footnotes":""},"class_list":["post-789","page","type-page","status-publish","hentry"],"acf":[],"_links":{"self":[{"href":"https:\/\/westriveracademy.com\/es\/wp-json\/wp\/v2\/pages\/789","targetHints":{"allow":["GET"]}}],"collection":[{"href":"https:\/\/westriveracademy.com\/es\/wp-json\/wp\/v2\/pages"}],"about":[{"href":"https:\/\/westriveracademy.com\/es\/wp-json\/wp\/v2\/types\/page"}],"author":[{"embeddable":true,"href":"https:\/\/westriveracademy.com\/es\/wp-json\/wp\/v2\/users\/1"}],"replies":[{"embeddable":true,"href":"https:\/\/westriveracademy.com\/es\/wp-json\/wp\/v2\/comments?post=789"}],"version-history":[{"count":11,"href":"https:\/\/westriveracademy.com\/es\/wp-json\/wp\/v2\/pages\/789\/revisions"}],"predecessor-version":[{"id":59308,"href":"https:\/\/westriveracademy.com\/es\/wp-json\/wp\/v2\/pages\/789\/revisions\/59308"}],"wp:attachment":[{"href":"https:\/\/westriveracademy.com\/es\/wp-json\/wp\/v2\/media?parent=789"}],"curies":[{"name":"wp","href":"https:\/\/api.w.org\/{rel}","templated":true}]}}